{"id":13,"date":"2013-02-28T10:15:42","date_gmt":"2013-02-28T09:15:42","guid":{"rendered":"http:\/\/www.audiosatpro.es\/?page_id=13"},"modified":"2019-12-20T13:00:06","modified_gmt":"2019-12-20T12:00:06","slug":"servicios","status":"publish","type":"page","link":"https:\/\/www.audiosatpro.es\/index.php\/servicios\/","title":{"rendered":"Servicios"},"content":{"rendered":"<p style=\"text-align: justify;\">&nbsp;&nbsp;Audiosat Pro ofrece servicios integrales en nuestros campos de actuaci\u00f3n para cubrir todas las necesidades audiovisuales de nuestros clientes, desde la consultor\u00eda y proyecto hasta la instalaci\u00f3n, puesta en marcha y servicio postventa.<\/p>\n<div id=\"featured-boxs\" bgcolor=\"#ffffff\">\n<div class=\"content-ver-sep\"><\/div>\n<table width=\"930\" border=\"0\" bgcolor=\"#ffffff\">\n<tbody>\n<tr bgcolor=\"#ffffff\">\n<td width=\"100\" rowspan=\"2\">\n<div align=\"center\"><img decoding=\"async\" class=\"box-image aligncenter\" style=\"width:100px;height:100px\" alt=\"Consultor\u00eda e Ingenier\u00eda\" src=\"https:\/\/www.audiosatpro.es\/wp-content\/uploads\/icono-ingenieria.gif\"><\/div>\n<\/td>\n<td width=\"365\" height=\"40\">\n<h2>Consultor\u00eda e Ingenier\u00eda<\/h2>\n<\/td>\n<td width=\"100\" rowspan=\"2\">\n<div align=\"center\"><img decoding=\"async\" class=\"box-image aligncenter\" style=\"width:100px;height:100px\" alt=\"Distribuci\u00f3n\" src=\"https:\/\/www.audiosatpro.es\/wp-content\/uploads\/icono-distribucion.gif\"><\/div>\n<\/td>\n<td width=\"365\">\n<h2>Distribuci\u00f3n<\/h2>\n<\/td>\n<\/tr>\n<tr bgcolor=\"#ffffff\">\n<td height=\"80\">\n<div align=\"justify\">\n<p style=\"text-align: justify;\">&nbsp;&nbsp;Nuestro Departamento de Ingenier\u00eda ofrece servicios de consultor\u00eda y dise\u00f1o de proyectos de equipamiento audiovisual.<\/p>\n<\/div>\n<\/td>\n<td>\n<div align=\"justify\">\n<p style=\"text-align: justify;\">&nbsp;&nbsp;Audiosat Pro distribuye numerosos productos de las principales marcas del sector a tiendas y peque\u00f1os instaladores.<\/p>\n<\/div>\n<\/td>\n<\/tr>\n<tr bgcolor=\"#ffffff\">\n<td rowspan=\"2\">\n<div align=\"center\"><img decoding=\"async\" class=\"box-image aligncenter\" style=\"width:100px;height:100px\" alt=\"Venta\" src=\"https:\/\/www.audiosatpro.es\/wp-content\/uploads\/icono-venta.gif\"><\/div>\n<\/td>\n<td height=\"40\">\n<h2>Venta<\/h2>\n<\/td>\n<td rowspan=\"2\">\n<div align=\"center\"><img decoding=\"async\" class=\"box-image aligncenter\" style=\"width:100px;height:100px\" alt=\"Instalaci\u00f3n\" src=\"https:\/\/www.audiosatpro.es\/wp-content\/uploads\/icono-instalacion.gif\"><\/div>\n<\/td>\n<td>\n<h2>Instalaci\u00f3n<\/h2>\n<\/td>\n<\/tr>\n<tr bgcolor=\"#ffffff\">\n<td height=\"80\">\n<div align=\"justify\">\n<p style=\"text-align: justify;\">&nbsp;&nbsp;Venta al p\u00fablico en general de productos de Sonido Profesional, Iluminaci\u00f3n Espectacular, Visual Media, etc.<\/p>\n<\/div>\n<\/td>\n<td>\n<div align=\"justify\">\n<p style=\"text-align: justify;\">&nbsp;&nbsp;Instalaci\u00f3n de equipos de sonido profesional, iluminaci\u00f3n espectacular, iluminaci\u00f3n arquitectural, videoproyecci\u00f3n, visual media y en general cualquier tipo de instalaci\u00f3n audiovisual.<\/p>\n<\/div>\n<\/td>\n<\/tr>\n<tr bgcolor=\"#ffffff\">\n<td rowspan=\"2\">\n<div align=\"center\"><img decoding=\"async\" class=\"box-image aligncenter\" style=\"width:100px;height:100px\" alt=\"Puesta en marcha\" src=\"https:\/\/www.audiosatpro.es\/wp-content\/uploads\/icono-puestaenmarcha.gif\"><\/div>\n<\/td>\n<td height=\"40\">\n<h2>Puesta en Marcha<\/h2>\n<\/td>\n<td rowspan=\"2\">\n<div align=\"center\"><img decoding=\"async\" class=\"box-image aligncenter\" style=\"width:100px;height:100px\" alt=\"SAT y Servicio Postventa\" src=\"https:\/\/www.audiosatpro.es\/wp-content\/uploads\/icono-sat.gif\"><\/div>\n<\/td>\n<td>\n<h2>Servicio Postventa<\/h2>\n<\/td>\n<\/tr>\n<tr bgcolor=\"#ffffff\">\n<td height=\"80\">\n<div align=\"justify\">\n<p style=\"text-align: justify;\">&nbsp;&nbsp;Audiosat Pro ofrece tambi\u00e9n un servicio de Puesta en Marcha para aquellas instalaciones que realizan otros instaladores y que precisan de un ajuste o puesta en funcionamiento m\u00e1s espec\u00edficos o con equipos de medida especiales.<\/p>\n<\/div>\n<\/td>\n<td>\n<div align=\"justify\">\n<p style=\"text-align: justify;\">&nbsp;&nbsp;Audiosat Pro tambi\u00e9n ofrece un servicio integral postventa. Desde el mantenimiento de las instalaciones a la reparaci\u00f3n y servicio t\u00e9cnico de los equipos, ampliaciones, etc.<\/p>\n<\/div>\n<\/td>\n<\/tr>\n<\/tbody>\n<\/table>\n<div class=\"content-ver-sep\"><\/div>\n<\/div>\n","protected":false},"excerpt":{"rendered":"<p>&nbsp;&nbsp;Audiosat Pro ofrece servicios integrales en nuestros campos de actuaci\u00f3n para cubrir todas las necesidades audiovisuales de nuestros clientes, desde la consultor\u00eda y proyecto hasta<\/p>\n","protected":false},"author":1,"featured_media":0,"parent":0,"menu_order":4,"comment_status":"closed","ping_status":"closed","template":"","meta":{"ngg_post_thumbnail":0,"footnotes":""},"_links":{"self":[{"href":"https:\/\/www.audiosatpro.es\/index.php\/wp-json\/wp\/v2\/pages\/13"}],"collection":[{"href":"https:\/\/www.audiosatpro.es\/index.php\/wp-json\/wp\/v2\/pages"}],"about":[{"href":"https:\/\/www.audiosatpro.es\/index.php\/wp-json\/wp\/v2\/types\/page"}],"author":[{"embeddable":true,"href":"https:\/\/www.audiosatpro.es\/index.php\/wp-json\/wp\/v2\/users\/1"}],"replies":[{"embeddable":true,"href":"https:\/\/www.audiosatpro.es\/index.php\/wp-json\/wp\/v2\/comments?post=13"}],"version-history":[{"count":22,"href":"https:\/\/www.audiosatpro.es\/index.php\/wp-json\/wp\/v2\/pages\/13\/revisions"}],"predecessor-version":[{"id":1756,"href":"https:\/\/www.audiosatpro.es\/index.php\/wp-json\/wp\/v2\/pages\/13\/revisions\/1756"}],"wp:attachment":[{"href":"https:\/\/www.audiosatpro.es\/index.php\/wp-json\/wp\/v2\/media?parent=13"}],"curies":[{"name":"wp","href":"https:\/\/api.w.org\/{rel}","templated":true}]}}