{"id":15,"date":"2013-02-28T10:16:10","date_gmt":"2013-02-28T09:16:10","guid":{"rendered":"http:\/\/www.audiosatpro.es\/?page_id=15"},"modified":"2019-12-20T13:00:49","modified_gmt":"2019-12-20T12:00:49","slug":"tecnologias","status":"publish","type":"page","link":"https:\/\/www.audiosatpro.es\/index.php\/tecnologias\/","title":{"rendered":"Tecnolog\u00edas"},"content":{"rendered":"<p style=\"text-align: justify;\">&nbsp;&nbsp;Audiosat Pro ofrece un gran cat\u00e1logo de productos y soluciones t\u00e9cnicas en el sector audiovisual y ofrece soluciones a medida a todos sus clientes. Entre ellos, podemos encontrar:<\/p>\n<div id=\"featured-boxs\" bgcolor=\"#ffffff\">\n<div class=\"content-ver-sep\"><\/div>\n<table width=\"930\" border=\"0\" bgcolor=\"#ffffff\">\n<tbody>\n<tr bgcolor=\"#ffffff\">\n<td width=\"100\" rowspan=\"2\">\n<div align=\"center\"> <img decoding=\"async\" class=\"box-image aligncenter\" style=\"width:100px;height:100px\" alt=\"Sonido\" src=\"https:\/\/www.audiosatpro.es\/wp-content\/uploads\/icono-sonido.gif\"><\/div>\n<\/td>\n<td width=\"365\" height=\"40\">\n<h2>&nbsp;Sonido Profesional<\/h2>\n<\/td>\n<td width=\"100\" rowspan=\"2\">\n<div align=\"center\"><img decoding=\"async\" class=\"box-image aligncenter\" style=\"width:100px;height:100px\" alt=\"Iluminaci\u00f3n espectacular\" src=\"https:\/\/www.audiosatpro.es\/wp-content\/uploads\/icono-cabezamovil.gif\"><\/div>\n<\/td>\n<td width=\"365\">\n<h2>&nbsp;Iluminaci\u00f3n Espectacular<\/h2>\n<\/td>\n<\/tr>\n<tr bgcolor=\"#ffffff\">\n<td height=\"80\">\n<div align=\"justify\">\n<p style=\"text-align: justify;\">&nbsp;&nbsp;Altavoces, etapas de potencia, mesas de mezclas, ecualizadores, procesadores, mesas DJ, reproductores CD, controladores, etc.<\/p>\n<\/div>\n<\/td>\n<td>\n<div align=\"justify\">\n<p style=\"text-align: justify;\">&nbsp;&nbsp;Cabezas m\u00f3viles robotizadas, esc\u00e1ner, l\u00e1ser de todas las potencias y colores, efectos robotizados y no, etc.<\/p>\n<\/div>\n<\/td>\n<\/tr>\n<tr bgcolor=\"#ffffff\">\n<td rowspan=\"2\">\n<div align=\"center\"><img decoding=\"async\" class=\"box-image aligncenter\" style=\"width:100px;height:100px\" alt=\"Arquitectural\" src=\"https:\/\/www.audiosatpro.es\/wp-content\/uploads\/icono-arquitectural.gif\"><\/div>\n<\/td>\n<td height=\"40\">\n<h2>&nbsp;Iluminaci\u00f3n Arquitectural<\/h2>\n<\/td>\n<td rowspan=\"2\">\n<div align=\"center\"><img decoding=\"async\" class=\"box-image aligncenter\" style=\"width:100px;height:100px\" alt=\"LED\" src=\"https:\/\/www.audiosatpro.es\/wp-content\/uploads\/icono-led.gif\"><\/div>\n<\/td>\n<td>\n<h2>&nbsp;Iluminaci\u00f3n LED<\/h2>\n<\/td>\n<\/tr>\n<tr bgcolor=\"#ffffff\">\n<td height=\"80\">\n<div align=\"justify\">\n<p style=\"text-align: justify;\">&nbsp;&nbsp;Cambiadores de color, proyectores para exterior, etc.<\/p>\n<\/div>\n<\/td>\n<td>\n<div align=\"justify\">\n<p style=\"text-align: justify;\">&nbsp;&nbsp;Gran cantidad de productos LED tanto para interior como para exterior, Efectos, tiras de LED, m\u00f3dulos, focos, barras, cambiadores de color, etc.<\/p>\n<\/div>\n<\/td>\n<\/tr>\n<tr bgcolor=\"#ffffff\">\n<td rowspan=\"2\">\n<div align=\"center\"><img decoding=\"async\" class=\"box-image aligncenter\" style=\"width:100px;height:100px\" alt=\"Sistemas de Conferencia\" src=\"https:\/\/www.audiosatpro.es\/wp-content\/uploads\/icono-conferencias.gif\"><\/div>\n<\/td>\n<td height=\"40\">\n<h2>&nbsp;Sistemas de Conferencias<\/h2>\n<\/td>\n<td rowspan=\"2\">\n<div align=\"center\"><img decoding=\"async\" class=\"box-image aligncenter\" style=\"width:100px;height:100px\" alt=\"Videoproyecci\u00f3n\" src=\"https:\/\/www.audiosatpro.es\/wp-content\/uploads\/icono-proyector.gif\"><\/div>\n<\/td>\n<td>\n<h2>&nbsp;Videoproyecci\u00f3n<\/h2>\n<\/td>\n<\/tr>\n<tr bgcolor=\"#ffffff\">\n<td height=\"80\">\n<div align=\"justify\">\n<p style=\"text-align: justify;\">&nbsp;&nbsp;Sistemas de conferencias con y sin votaci\u00f3n, con y sin traducci\u00f3n simult\u00e1nea, al\u00e1mbricos, inal\u00e1mbricos, etc.<\/p>\n<\/div>\n<\/td>\n<td>\n<div align=\"justify\">\n<p style=\"text-align: justify;\">&nbsp;&nbsp;Videoproyectores de todos los formatos y potencias. Desde los econ\u00f3micos port\u00e1tiles hasta los grandes proyectores de instalaci\u00f3n de alto brillo. Pantallas manuales o el\u00e9ctricas de todos los tama\u00f1os, incluso a medida, de proyecci\u00f3n frontal, retroproyecci\u00f3n, etc.<\/p>\n<\/div>\n<\/td>\n<\/tr>\n<tr bgcolor=\"#ffffff\">\n<td rowspan=\"2\">\n<div align=\"center\"><img decoding=\"async\" class=\"box-image aligncenter\" style=\"width:100px;height:100px\" alt=\"Display\" src=\"https:\/\/www.audiosatpro.es\/wp-content\/uploads\/icono-display.gif\"><\/div>\n<\/td>\n<td height=\"40\">\n<h2>&nbsp;Display y Gran Formato<\/h2>\n<\/td>\n<td rowspan=\"2\">\n<div align=\"center\"><img decoding=\"async\" class=\"box-image aligncenter\" style=\"width:100px;height:100px\" alt=\"Pantalla LED\" src=\"https:\/\/www.audiosatpro.es\/wp-content\/uploads\/icono-pantallaled.gif\"><\/div>\n<\/td>\n<td>\n<h2>&nbsp;Pantallas LED<\/h2>\n<\/td>\n<\/tr>\n<tr bgcolor=\"#ffffff\">\n<td height=\"80\">\n<div align=\"justify\">\n<p style=\"text-align: justify;\">&nbsp;&nbsp;Monitores y pantallas de TV de tipo profesional, 24-7, para instalaci\u00f3n horizontal o vertical, formato estrecho, etc; todas las tecnolog\u00edas, plasma, LCD, LED; pantallas para videowall, pantallas de gran formato y gran tama\u00f1o, etc.<\/p>\n<\/div>\n<\/td>\n<td>\n<div align=\"justify\">\n<p style=\"text-align: justify;\">&nbsp;&nbsp;Pantallas de LED de todos los pitch (resoluciones), tanto para interior como para exterior. Sistemas de control, escaladores, etc.<\/p>\n<\/div>\n<\/td>\n<\/tr>\n<tr bgcolor=\"#ffffff\">\n<td rowspan=\"2\">\n<div align=\"center\"><img decoding=\"async\" class=\"box-image aligncenter\" style=\"width:100px;height:100px\" alt=\"Digital Signage\" src=\"https:\/\/www.audiosatpro.es\/wp-content\/uploads\/icono-laptop.gif\"><\/div>\n<\/td>\n<td height=\"40\">\n<h2>&nbsp;Carteler\u00eda Digital<\/h2>\n<\/td>\n<td rowspan=\"2\">\n<div align=\"center\"><img decoding=\"async\" class=\"box-image aligncenter\" style=\"width:100px;height:100px\" alt=\"Pizarras electr\u00f3nicas\" src=\"https:\/\/www.audiosatpro.es\/wp-content\/uploads\/icono-pizarras.gif\"><\/div>\n<\/td>\n<td>\n<h2>&nbsp;Pizarras Electr\u00f3nicas<\/h2>\n<\/td>\n<\/tr>\n<tr bgcolor=\"#ffffff\">\n<td height=\"80\">\n<div align=\"justify\">\n<p style=\"text-align: justify;\">&nbsp;&nbsp;Equipos para Carteler\u00eda Digital o Digital Signage, equipos espec\u00edficos, reproductores, etc.<\/p>\n<\/div>\n<\/td>\n<td>\n<div align=\"justify\">\n<p style=\"text-align: justify;\">&nbsp;&nbsp;Pizarras electr\u00f3nicas de todos los tama\u00f1os y tecnolog\u00edas con proyectores de tiro corto o pantallas interactivas formato plasma, LCD o LED de tipo t\u00e1ctil con software espec\u00edfico para ense\u00f1anza.<\/p>\n<\/div>\n<\/td>\n<\/tr>\n<\/tbody>\n<\/table>\n<div class=\"content-ver-sep\"><\/div>\n<\/div>\n","protected":false},"excerpt":{"rendered":"<p>&nbsp;&nbsp;Audiosat Pro ofrece un gran cat\u00e1logo de productos y soluciones t\u00e9cnicas en el sector audiovisual y ofrece soluciones a medida a todos sus clientes. Entre<\/p>\n","protected":false},"author":1,"featured_media":0,"parent":0,"menu_order":6,"comment_status":"closed","ping_status":"closed","template":"","meta":{"ngg_post_thumbnail":0,"footnotes":""},"_links":{"self":[{"href":"https:\/\/www.audiosatpro.es\/index.php\/wp-json\/wp\/v2\/pages\/15"}],"collection":[{"href":"https:\/\/www.audiosatpro.es\/index.php\/wp-json\/wp\/v2\/pages"}],"about":[{"href":"https:\/\/www.audiosatpro.es\/index.php\/wp-json\/wp\/v2\/types\/page"}],"author":[{"embeddable":true,"href":"https:\/\/www.audiosatpro.es\/index.php\/wp-json\/wp\/v2\/users\/1"}],"replies":[{"embeddable":true,"href":"https:\/\/www.audiosatpro.es\/index.php\/wp-json\/wp\/v2\/comments?post=15"}],"version-history":[{"count":23,"href":"https:\/\/www.audiosatpro.es\/index.php\/wp-json\/wp\/v2\/pages\/15\/revisions"}],"predecessor-version":[{"id":1757,"href":"https:\/\/www.audiosatpro.es\/index.php\/wp-json\/wp\/v2\/pages\/15\/revisions\/1757"}],"wp:attachment":[{"href":"https:\/\/www.audiosatpro.es\/index.php\/wp-json\/wp\/v2\/media?parent=15"}],"curies":[{"name":"wp","href":"https:\/\/api.w.org\/{rel}","templated":true}]}}