{"id":1576,"date":"2018-09-27T10:18:18","date_gmt":"2018-09-27T08:18:18","guid":{"rendered":"http:\/\/www.audiosatpro.es\/?page_id=1576"},"modified":"2020-01-02T17:50:24","modified_gmt":"2020-01-02T16:50:24","slug":"politica-de-privacidad","status":"publish","type":"page","link":"https:\/\/www.audiosatpro.es\/index.php\/politica-de-privacidad\/","title":{"rendered":"Pol\u00edtica de Privacidad"},"content":{"rendered":"<p>&nbsp;<\/p>\n<p style=\"text-align: center;\"><strong>POL\u00cdTICA DE PRIVACIDAD<\/strong><\/p>\n<p>&nbsp; Siguiendo los principios de licitud, lealtad y transparencia, ponemos a su disposici\u00f3n la siguiente Pol\u00edtica de Privacidad.<\/p>\n<p>&nbsp;<\/p>\n<p style=\"text-align: center;\"><strong>\u00bfQui\u00e9n es el Responsable del tratamiento de sus datos?<\/strong><\/p>\n<p style=\"text-align: justify;\">AUDIOSAT PRO, S.L.<\/p>\n<p style=\"text-align: justify;\">CIF: B82868753<\/p>\n<p style=\"text-align: justify;\">DOMICILIO SOCIAL: C\/ DISE\u00d1O, 16, MOD 3, NAVE 15. PI LOS OLIVOS. 28905 GETAFE (MADRID)<\/p>\n<p style=\"text-align: justify;\">INSCRITA EN EL REGISTRO MERCANTIL DE MADRID, TOMO 16.361, GRAL. DE LA SECCI\u00d3N 8\u00aa, FOLIO 58, HOJA M-277974, INSCRIPCI\u00d3N 1\u00aa.<\/p>\n<p style=\"text-align: justify;\">EMAIL: <a href=\"mailto:felujimenez@audiosatpro.com\">felujimenez@audiosatpro.com<\/a><\/p>\n<p style=\"text-align: justify;\">TEL\u00c9FONO: 91 665 26 36<\/p>\n<p style=\"text-align: justify;\">DATOS DEL DPO: GRUPO ADAPTALIA &#8211; LEGAL FORMATIVO S.L.<\/p>\n<p style=\"text-align: justify;\">&nbsp; &nbsp; &nbsp; &nbsp; &nbsp; &nbsp; &nbsp; &nbsp; C\/ Goya, 115. 28009 MADRID<\/p>\n<p style=\"text-align: justify;\">&nbsp; &nbsp; &nbsp; &nbsp; &nbsp; &nbsp; &nbsp; &nbsp; Tel\u00e9fono: 91 553 34 08<\/p>\n<p>&nbsp;<\/p>\n<p style=\"text-align: center;\"><strong>\u00bfCon qu\u00e9 finalidad tratamos sus datos personales?<\/strong><\/p>\n<p style=\"text-align: justify;\">&nbsp; En AUDIOSAT PRO, S.L. tratamos la informaci\u00f3n que nos facilita con la finalidad de gestionar la relaci\u00f3n contractual que nos une, gestionar el env\u00edo de la informaci\u00f3n que nos solicita, facilitar a los interesados ofertas de nuestros servicios y\/o productos de su inter\u00e9s y\/o gestionar su candidatura.<\/p>\n<p>&nbsp;<\/p>\n<p style=\"text-align: center;\"><strong>\u00bfPor cu\u00e1nto tiempo conservaremos sus datos personales?<\/strong><\/p>\n<p style=\"text-align: justify;\">&nbsp; Sus datos ser\u00e1n conservados el tiempo m\u00ednimo necesario para la correcta prestaci\u00f3n del servicio ofrecido, as\u00ed como para atender las responsabilidades que se pudieran derivar del mismo y de cualquier otra exigencia legal.<\/p>\n<p>&nbsp;<\/p>\n<p style=\"text-align: center;\"><strong>\u00bfCu\u00e1l es la legitimaci\u00f3n para el tratamiento de sus datos?<\/strong><\/p>\n<p style=\"text-align: justify;\">&nbsp; La base legal para el tratamiento de sus datos personales puede ser la ejecuci\u00f3n de una relaci\u00f3n contractual potencial y\/o suscrita, el inter\u00e9s leg\u00edtimo, la habilitaci\u00f3n legal y\/o el consentimiento de propio interesado. Los datos que le solicitamos son adecuados, pertinentes y estrictamente necesarios y en ning\u00fan caso est\u00e1 obligado a facilit\u00e1rnoslos, pero su no comunicaci\u00f3n podr\u00e1 afectar a la finalidad del servicio o la imposibilidad de prestarlo.<\/p>\n<p>&nbsp;<\/p>\n<p style=\"text-align: center;\"><strong>\u00bfA qu\u00e9 destinatarios se comunicar\u00e1n sus datos?<\/strong><\/p>\n<p style=\"text-align: justify;\">&nbsp; AUDIOSAT PRO, S.L. no comunicar\u00e1 sus datos a ning\u00fan tercero, salvo que se informe de ello expresamente.<\/p>\n<p>&nbsp;<\/p>\n<p style=\"text-align: center;\"><strong>\u00bfCuales son sus derechos cuando nos facilita sus datos?<\/strong><\/p>\n<p style=\"text-align: justify;\">&nbsp; Los derechos de protecci\u00f3n de datos de los que son titulares los interesados son:<\/p>\n<ul style=\"text-align: justify;\">\n<li>Derecho a solicitar el acceso a los datos personales relativos al interesado<\/li>\n<li>Derecho de rectificaci\u00f3n o supresi\u00f3n<\/li>\n<li>Derecho de oposici\u00f3n<\/li>\n<li>Derecho a solicitar la limitaci\u00f3n de su tratamiento<\/li>\n<li>Derecho a la portabilidad de los datos<\/li>\n<\/ul>\n<p style=\"text-align: justify;\">&nbsp; Los titulares de los datos personales obtenidos, podr\u00e1n ejercer sus derechos de protecci\u00f3n de datos personales dirigiendo una comunicaci\u00f3n por escrito al domicilio social de AUDIOSAT PRO, S.L. o al correo electr\u00f3nico habilitado a tal efecto, <a href=\"mailto:felujimenez@audiosatpro.com\">felujimenez@audiosatpro.com<\/a>, incluyendo en ambos casos fotocopia de su DNI u otro documento de identificaci\u00f3n equivalente.<\/p>\n<p style=\"text-align: justify;\">&nbsp; Modelos, formularios y m\u00e1s informaci\u00f3n disponible sobre sus derechos en la p\u00e1gina web de la autoridad de control nacional, Agencia Espa\u00f1ola de Protecci\u00f3n de Datos, en adelante, AEPD, <a href=\"http:\/\/www.agpd.es\">www.agpd.es<\/a><\/p>\n<p>&nbsp;<\/p>\n<p style=\"text-align: center;\"><strong>\u00bfPuedo retirar el consentimiento?<\/strong><\/p>\n<p style=\"text-align: justify;\">&nbsp; Usted tiene la posibilidad y el derecho a retirar el consentimiento para cualquier finalidad espec\u00edfica otorgada en su momento, sin que ello afecte a la licitud del tratamiento basado en el consentimiento previo a su retirada.<\/p>\n<p>&nbsp;<\/p>\n<p style=\"text-align: center;\"><strong>\u00bfD\u00f3nde puedo reclamar en caso de que considere que no se tratan mis datos correctamente?<\/strong><\/p>\n<p style=\"text-align: justify;\">&nbsp; Si alg\u00fan interesado considera que sus datos no son tratados correctamente por AUDIOSAT PRO, S.L. puede dirigir sus reclamaciones al correo <a href=\"mailto:felujimenez@audiosatpro.com\">felujimenez@audiosatpro.com<\/a> o la autoridad de protecci\u00f3n de datos que corresponda, siendo la AEPD la indicada en el territorio nacional, <a href=\"http:\/\/www.agpd.es\">www.agpd.es<\/a><\/p>\n<p>&nbsp;<\/p>\n<p style=\"text-align: center;\"><strong>\u00bfSeguridad y actualizaci\u00f3n de sus datos personales?<\/strong><\/p>\n<p style=\"text-align: justify;\">&nbsp; Con el objetivo de salvaguardar la seguridad de sus datos personales, le informamos que AUDIOSAT PRO, S.L. ha adoptado todas las medidas de \u00edndole t\u00e9cnica y organizativa necesarias para garantizar la seguridad de los datos personales suministrados. Todo ello para evitar su alteraci\u00f3n, p\u00e9rdida y\/o tratamientos o accesos no autorizados, tal como exige la norativa, si bien la seguridad absoluta no existe.<\/p>\n<p style=\"text-align: justify;\">Es importante que, para que podamos mantener sus datos personales actualizados, nos informe siempre que se produzca una modificaci\u00f3n de los mismos.<\/p>\n<p>&nbsp;<\/p>\n<p style=\"text-align: center;\"><strong>Confidencialidad<\/strong><\/p>\n<p style=\"text-align: justify;\">&nbsp; AUDIOSAT PRO, S.L. le informa que sus datos ser\u00e1n tratados con el m\u00e1ximo celo y confidencialidad por todo el personal que intervenga en cualquiera de las fases del tratamiento. No cederemos ni comunicaremos a ning\u00fan tercero sus datos, excepto en los casos legalmente previstos, o salvo que el interesado nos hubiera autorizado expresamente.<\/p>\n<p>&nbsp;<\/p>\n","protected":false},"excerpt":{"rendered":"<p>&nbsp; POL\u00cdTICA DE PRIVACIDAD &nbsp; Siguiendo los principios de licitud, lealtad y transparencia, ponemos a su disposici\u00f3n la siguiente Pol\u00edtica de Privacidad. &nbsp; \u00bfQui\u00e9n es<\/p>\n","protected":false},"author":1,"featured_media":0,"parent":0,"menu_order":8,"comment_status":"closed","ping_status":"closed","template":"","meta":{"ngg_post_thumbnail":0,"footnotes":""},"_links":{"self":[{"href":"https:\/\/www.audiosatpro.es\/index.php\/wp-json\/wp\/v2\/pages\/1576"}],"collection":[{"href":"https:\/\/www.audiosatpro.es\/index.php\/wp-json\/wp\/v2\/pages"}],"about":[{"href":"https:\/\/www.audiosatpro.es\/index.php\/wp-json\/wp\/v2\/types\/page"}],"author":[{"embeddable":true,"href":"https:\/\/www.audiosatpro.es\/index.php\/wp-json\/wp\/v2\/users\/1"}],"replies":[{"embeddable":true,"href":"https:\/\/www.audiosatpro.es\/index.php\/wp-json\/wp\/v2\/comments?post=1576"}],"version-history":[{"count":3,"href":"https:\/\/www.audiosatpro.es\/index.php\/wp-json\/wp\/v2\/pages\/1576\/revisions"}],"predecessor-version":[{"id":1606,"href":"https:\/\/www.audiosatpro.es\/index.php\/wp-json\/wp\/v2\/pages\/1576\/revisions\/1606"}],"wp:attachment":[{"href":"https:\/\/www.audiosatpro.es\/index.php\/wp-json\/wp\/v2\/media?parent=1576"}],"curies":[{"name":"wp","href":"https:\/\/api.w.org\/{rel}","templated":true}]}}