{"id":1579,"date":"2018-09-27T10:20:56","date_gmt":"2018-09-27T08:20:56","guid":{"rendered":"http:\/\/www.audiosatpro.es\/?page_id=1579"},"modified":"2018-09-27T15:54:00","modified_gmt":"2018-09-27T13:54:00","slug":"politica-de-cookies","status":"publish","type":"page","link":"https:\/\/www.audiosatpro.es\/index.php\/politica-de-cookies\/","title":{"rendered":"Pol\u00edtica de Cookies"},"content":{"rendered":"<p>&nbsp;<\/p>\n<p style=\"text-align: center;\"><strong>POL\u00cdTICA DE COOKIES<\/strong><\/p>\n<p>&nbsp;<\/p>\n<p style=\"text-align: justify;\">\u00a0 Con el fin de personalizar y ofrecer informaci\u00f3n concreta sobre los servicios a los que accede el usuario, AUDIOSAT PRO, S.L. utiliza cookies durante la navegaci\u00f3n por el Web Site <a href=\"https:\/\/www.audiosatpro.es\">www.audiosatpro.es<\/a>. Las cookies son ficheros enviados a un navegador por medio de un servidor web para registrar las actividades del Usuario en una web determinada. La primera finalidad de las cookies es la de facilitar al usuario un acceso m\u00e1s r\u00e1pido a los servicios seleccionados. Adem\u00e1s, personalizan los servicios que ofrece la web, facilitando y ofreciendo a cada usuario informaci\u00f3n de su inter\u00e9s en atenci\u00f3n al uso que realiza de la misma.<\/p>\n<p style=\"text-align: justify;\">\u00a0 En ning\u00fan caso las cookies utilizadas permiten descubrir la identidad del Usuario ni realizar otras operaciones que no sean el mero control del n\u00famero de accesos a nuestros servicios y contenidos de forma general, para la elaboraci\u00f3n de nuevos servicios y productos que respondan a las necesidades de nuestro p\u00fablico.<\/p>\n<p style=\"text-align: justify;\">\u00a0 El Usuario tiene la posibilidad de configurar su navegador para que notifique y rechace la instalaci\u00f3n de las cookies enviadas por la web, sin que ello perjudique la posibilidad del usuario de acceder a los contenidos de la misma. Sin embargo, la calidad del funcionamiento de la p\u00e1gina puede disminuir. La no aceptaci\u00f3n de las cookies puede suponer que no acceda a toda la disponibilidad del servicio o tenga que registrarse cada vez que acceda a un servicio que requiera su previo registro.<\/p>\n<p style=\"text-align: justify;\">\u00a0 Los usuarios registrados, que se registren o que hayan iniciado sesi\u00f3n, podr\u00e1n beneficiarse de unos servicios m\u00e1s personalizados y orientados a su perfil, gracias a la combinaci\u00f3n de los datos almacenados en las cookies con los datos personales utilizados en el momento de su registro. Dichos usuarios autorizan expresamente el uso de esta informaci\u00f3n con la finalidad indicada, sin perjuicio de su derecho a rechazar o deshabilitar el uso de cookies.<\/p>\n<p>&nbsp;<\/p>\n<p style=\"text-align: center;\"><strong>\u00bfQu\u00e9 tipos de Cookies existen?<\/strong><\/p>\n<p style=\"text-align: justify;\">\u00a0 Las cookies, en funci\u00f3n de su Permanencia, pueden dividirse en:<\/p>\n<p style=\"text-align: justify;\">\u00a0 <em>Cookies de Sesi\u00f3n<\/em>: que expiran cuando el usuario cierra el navegador.<br \/>\n<em>\u00a0 Cookies Persistentes<\/em>: que expiran en funci\u00f3n de cuando se cumpla el objetivo para el que sirven (por ejemplo, para que el usuario se mantenga idenfificado en los Servicios) o bien cuando se borran manualmente.<\/p>\n<p style=\"text-align: justify;\">\u00a0 Adicionalmente, en funci\u00f3n de su Objetivo, las Cookies pueden clasificarse de la siguiente forma:<\/p>\n<p style=\"text-align: justify;\">\u00a0 <em>Cookies de Rendimiento<\/em>: son cookies que recuerdan sus preferencias para las herramientas que se encuentran en los servicios, por lo que no tiene que volver a configurar el servicio cada vez que usted visita (ajuste de volumen de reproductores de video o audio, velocidades de transmisi\u00f3n compatibles con su navegador, etc)<br \/>\n<em>\u00a0 Cookies de geo-localizaci\u00f3n<\/em>: estas cookies son utilizadas para averiguar en qu\u00e9 pa\u00eds se encuentra cuando se solicita un servicio. Es totalmente an\u00f3nima y s\u00f3lo se utiliza para ayudar a orientar el contenido a su ubicaci\u00f3n.<br \/>\n<em>\u00a0 Cookies de Registro<\/em>: se generan una vez que el usuario se ha registrado o posteriormente ha abierto su sesi\u00f3n, y se utilizan para identificarle en los servicios con los siguientes objetivos:<\/p>\n<ul>\n<li style=\"text-align: justify;\">Mantener al usuario identificado de forma que, si cierra un servicio, el navegador o el ordenador y en otro momento u otro d\u00eda vuelve a entrar en dicho servicio, seguir\u00e1 identificado, facilitando as\u00ed su navegaci\u00f3n sin tener que volver a identificarse. Esta funcionalidad se puede suprimir si el usuario pulsa la funcionalidad \u00abCerrar Sesi\u00f3n\u00bb, de forma que esta cookie se elimina y la pr\u00f3xima vez que entre en el servicio, el usuario tendr\u00e1 que iniciar sesi\u00f3n para estar identificado.<\/li>\n<li style=\"text-align: justify;\">Comprobar si el usuario est\u00e1 autorizado para acceder a ciertos servicios, por ejemplo, para participar en un concurso.<\/li>\n<\/ul>\n<p><em>\u00a0 Cookies anal\u00edticas<\/em>: cada vez que el usuario visita un servicio, una herramienta de un proveedor externo, genera una cookie anal\u00edtica en el ordenador de usuario. Esta cookie que s\u00f3lo se genera en la visita, servir\u00e1 en pr\u00f3ximas visitas a los Servicios de la Web para identificar de forma an\u00f3nima al visitante. Los objetivos principales que se persiguen son:<\/p>\n<ul>\n<li>Permitir la identificaci\u00f3n an\u00f3nima de los usuarios navegantes a trav\u00e9s de la Cookie (identifica navegadores y dispositivos, no personas) y por lo tanto la contabilizaci\u00f3n aproximada del n\u00famero de visitantes y su tendencia en el tiempo.<\/li>\n<li>Identificar de forma an\u00f3nima los contenidos m\u00e1s visitados y por lo tanto m\u00e1s atractivos para los usuarios.<\/li>\n<li>Saber si el usuario que est\u00e1 accediendo es nuevo o repite visita<\/li>\n<li>Importante: salvo que el usuario decida registrarse en un servicio de la Web, la cookie nunca ir\u00e1 asociada a ning\u00fan dato de car\u00e1cter personal que pueda identificarle. Dichas cookies s\u00f3lo ser\u00e1n utilizadas con prop\u00f3sitos estad\u00edsticos que ayuden a la optimizaci\u00f3n de la experiencia de los usuarios en el sitio.<\/li>\n<\/ul>\n<p><em>\u00a0 Cookies de publicidad comportamental<\/em>: este tipo de cookies permite ampliar la informaci\u00f3n de los anuncios mostrados a cad usuario an\u00f3nimo en los Servicios de la Web. Entre otros, se almacena la duraci\u00f3n o frecuencia de visualizaci\u00f3n de posiciones publicitarias, la interacci\u00f3n con las mismas, o los patrones de navegaci\u00f3n y\/o compartimentos del usuario ya que ayudan a conformar un perfil de inter\u00e9s publicitario. De este modo, permiten ofrecer publicidad af\u00edn a los intereses del usuario.<br \/>\n<em>\u00a0 Cookies publicitarias de terceros<\/em>: adem\u00e1s de la publicidad gestionada por la Web en sus Servicios, la Web ofrece a sus anunciantes la opci\u00f3n de servir anuncios a trav\u00e9s de terceros (\u00abAdServers\u00bb). De este modo, estos terceros pueden almacenar cookies enviadas desde los Servicios de la Web procedentes de los navegadores de los usuarios, as\u00ed como acceder a los datos que en ellas se guardan.<\/p>\n<p>&nbsp;<\/p>\n<p style=\"text-align: center;\"><strong>\u00bfQu\u00e9 Cookies utilizamos?<\/strong><\/p>\n<p style=\"text-align: justify;\">\u00a0 Las cookies propias que utilizamos en nuestra p\u00e1gina web son:<\/p>\n<ul>\n<li style=\"text-align: justify;\"><strong>wordpress<\/strong>, <strong>wordpress_logged_in<\/strong>, <strong>wordpress_test_cookie<\/strong>, <strong>wp-settings<\/strong>, <strong>wp-settings-time<\/strong>, <strong>wptotouch_customizer_mode<\/strong>, que b\u00e1sicamente son cookies de sesi\u00f3n para facilitar la personalizaci\u00f3n y comodidad de la navegaci\u00f3n.<\/li>\n<li><strong>gdpr<\/strong>, para tratar la informaci\u00f3n referida al RGPD.<\/li>\n<li><strong>__unam<\/strong>, parte del servicio ShareThis. Este servicio s\u00f3lo identifica personalmente a los visitantes si han firmado por separado con ShareThis y les di\u00f3 su consentimiento.<\/li>\n<\/ul>\n<p>Las cookies de terceros que utilizamos son:<\/p>\n<ul>\n<li><strong>_ga<\/strong>, <strong>_gat<\/strong>,\u00a0<strong>_gid<\/strong>, de Google Analytics.<\/li>\n<li style=\"text-align: justify;\"><strong> 1P_JAR<\/strong>, <strong>APISID<\/strong>, <strong>CONSENT<\/strong>, <strong>HSID<\/strong>, <strong>NID<\/strong>, <strong>SID<\/strong>, <strong>SIDCC<\/strong>, de Google. Estas cookies env\u00edan diversa informaci\u00f3n al servidor de Google, permiten la visualizaci\u00f3n de mapas mediante Google Maps, hacen la publicidad m\u00e1s atractiva, etc.<\/li>\n<li style=\"text-align: justify;\"><strong>1P_JAR<\/strong>,\u00a0<strong>CONSENT<\/strong>, de Gstatic. Para el funcionamiento del mapa de Google en la p\u00e1gina de contacto.<\/li>\n<\/ul>\n<p>Siguiendo la pol\u00edtica de protecci\u00f3n de datos de la empresa, le informamos que las cookies se asocian al usuario an\u00f3nimo y a su ordenador, y no proporcionan de por s\u00ed el nombre y apellidos del usuario.<\/p>\n<p style=\"text-align: justify;\">\u00a0 El usuario puede rechazar el tratamiento de los datos o la informaci\u00f3n rechazando el uso de cookies mediante la selecci\u00f3n de la configuraci\u00f3n apropiada de su navegador, sin embargo, debe usted saber que si lo hace puede ser que no pueda usar la plena funcionalidad de esta p\u00e1gina web.<\/p>\n<p style=\"text-align: justify;\">\u00a0 Esta p\u00e1gina web puede utilizar publicidad de display y remarketing de Google a trav\u00e9s de Google Analytics, un servicio anal\u00edtico de web, que utiliza cookies, prestado por Google, Inc., una compa\u00f1\u00eda de Delaware cuya oficina principal est\u00e1 en 1600 Amphitheatre Parkway, Mountain View (California), CA 94043, Estados Unidos (\u00abGoogle\u00bb).\u00a0 Google Analytics utiliza cookies para ayudar a una p\u00e1gina web a analizar el uso que hacen los usuarios de la misma. La informaci\u00f3n que genera la cookie acerca del uso de la p\u00e1gina web (incluyendo su direcci\u00f3n IP) ser\u00e1 directamente transmitida y archivada por Google en los servidores de Estados Unidos.<\/p>\n<p style=\"text-align: justify;\">\u00a0 Al utilizar esta web Usted consiente el tratamiento de informaci\u00f3n acerca de usted por Google en la forma y para los fines arriba indicados.<\/p>\n<p style=\"text-align: justify;\">\u00a0 Nuestro sitio web es accesible sin necesidad de que est\u00e9n activadas las opciones de cookies, si bien, debe recordarse que la no aceptaci\u00f3n de la cookie puede suponer que no acceda a toda la disponibilidad el servicio o tenga que registrarse cada vez que acceda a un servicio que requiera su previo registro.<\/p>\n<p style=\"text-align: justify;\">\u00a0 No obstante, el usuario puede en todo momento configurar su navegador para impedir la utilizaci\u00f3n de cookies o para recibir una advertencia en el momento en que \u00e9stas son generadas.<\/p>\n<p style=\"text-align: justify;\">\u00a0 Los visitantes pueden inhabilitar Google Analytics para publicidad de display y personalizar los anuncios de la Red de Display de Google mediante el Administrador de preferencias de anuncios de su cuenta de Google, si dispone de ella, o puede utilizar el complemento de inhabilitaci\u00f3n para navegadores de Google Analytics disponible para Microsoft Internet Explorer, Google Chrome, Mozilla Firefox, Apple Safari y Opera.<\/p>\n<p>&nbsp;<\/p>\n<p style=\"text-align: center;\"><strong>\u00bfC\u00f3mo deshabilitar las Cookies en los principales navegadores?<\/strong><\/p>\n<p style=\"text-align: justify;\">\u00a0 Algunas cookies necesitan colocarse en su ordenador para asegurar el correcto funcionamiento de nuestra web, sin que usted pueda desactivar las mismas.<br \/>\nLe recordamos que puede configurar en todo momento su navegador para impedir la utilizaci\u00f3n de cookies o para recibir un a advertencia en el momento en que \u00e9stas son generadas:<\/p>\n<p style=\"text-align: justify;\">Internet Explorer: Herramientas -&gt; Opciones de Internet -&gt; Privacidad -&gt; Configuraci\u00f3n (<a href=\"http:\/\/support.microsoft.com\/kb\/278835\">http:\/\/support.microsoft.com\/kb\/278835<\/a>)<\/p>\n<p style=\"text-align: justify;\">Firefox: Herramientas -&gt; Opciones -&gt; Privacidad-&gt; Historial -&gt; Configuraci\u00f3n personalizada (<a href=\"http:\/\/support.mozilla.org\/es\/kb\/Borrar%20cookies\">http:\/\/support.mozilla.org\/es\/kb\/Borrar%20cookies<\/a>)<\/p>\n<p style=\"text-align: justify;\">Chrome: Configuraci\u00f3n -&gt; Mostrar opciones avanzadas -&gt; Privacidad -&gt; Configuraci\u00f3n de contenido (<a href=\"https:\/\/support.google.com\/chrome\/answer\/95647?hl=es\">https:\/\/support.google.com\/chrome\/answer\/95647?hl=es<\/a>)<\/p>\n<p style=\"text-align: justify;\">Opera: <a href=\"http:\/\/www.opera.com\/help\/tutorials\/security\/privacy\/\">http:\/\/www.opera.com\/help\/tutorials\/security\/privacy\/<\/a><\/p>\n<p style=\"text-align: justify;\">Safari: Preferencias &#8211; &gt; Seguridad (<a href=\"http:\/\/support.apple.com\/kb\/PH5042\">http:\/\/support.apple.com\/kb\/PH5042<\/a>)<\/p>\n<p style=\"text-align: justify;\">Safari for iPad and iPhone: <a href=\"http:\/\/support.apple.com\/kb\/HT1677?viewlocale=es_ES\">http:\/\/support.apple.com\/kb\/HT1677?viewlocale=es_ES<\/a><\/p>\n<p>&nbsp;<\/p>\n<p style=\"text-align: center;\"><strong>\u00bfSe pueden producir modificaciones en la Pol\u00edtica de Cookies?<\/strong><\/p>\n<p style=\"text-align: justify;\">\u00a0 La Web puede modificar esta Pol\u00edtica de Cookies en funci\u00f3n de las exigencias legislativas, reglamentarias, o con la finalidad de adaptar dicha pol\u00edtica a las instrucciones dictadas por la Agencia Espa\u00f1ola de Protecci\u00f3n de Datos, por ello se aconseja a los usuarios que la visiten peri\u00f3dicamente. La \u00faltima vez que se actualiz\u00f3 la pol\u00edtica de cookies de nuestro sitio web fue el 27 de Septiembre de 2018.<\/p>\n<p style=\"text-align: justify;\">\u00a0 Cuando se produzcan cambios significativos en esta Pol\u00edtica de Cookies se comunicar\u00e1n a los usuarios bien mediante la web o a trav\u00e9s de correo electr\u00f3nico a los usuarios registrados.<\/p>\n","protected":false},"excerpt":{"rendered":"<p>&nbsp; POL\u00cdTICA DE COOKIES &nbsp; \u00a0 Con el fin de personalizar y ofrecer informaci\u00f3n concreta sobre los servicios a los que accede el usuario, AUDIOSAT<\/p>\n","protected":false},"author":1,"featured_media":0,"parent":0,"menu_order":9,"comment_status":"closed","ping_status":"closed","template":"fullwidth.php","meta":{"ngg_post_thumbnail":0,"footnotes":""},"_links":{"self":[{"href":"https:\/\/www.audiosatpro.es\/index.php\/wp-json\/wp\/v2\/pages\/1579"}],"collection":[{"href":"https:\/\/www.audiosatpro.es\/index.php\/wp-json\/wp\/v2\/pages"}],"about":[{"href":"https:\/\/www.audiosatpro.es\/index.php\/wp-json\/wp\/v2\/types\/page"}],"author":[{"embeddable":true,"href":"https:\/\/www.audiosatpro.es\/index.php\/wp-json\/wp\/v2\/users\/1"}],"replies":[{"embeddable":true,"href":"https:\/\/www.audiosatpro.es\/index.php\/wp-json\/wp\/v2\/comments?post=1579"}],"version-history":[{"count":8,"href":"https:\/\/www.audiosatpro.es\/index.php\/wp-json\/wp\/v2\/pages\/1579\/revisions"}],"predecessor-version":[{"id":1611,"href":"https:\/\/www.audiosatpro.es\/index.php\/wp-json\/wp\/v2\/pages\/1579\/revisions\/1611"}],"wp:attachment":[{"href":"https:\/\/www.audiosatpro.es\/index.php\/wp-json\/wp\/v2\/media?parent=1579"}],"curies":[{"name":"wp","href":"https:\/\/api.w.org\/{rel}","templated":true}]}}