{"id":1724,"date":"2019-12-20T11:34:22","date_gmt":"2019-12-20T10:34:22","guid":{"rendered":"https:\/\/www.audiosatpro.es\/?page_id=1724"},"modified":"2020-01-02T17:45:16","modified_gmt":"2020-01-02T16:45:16","slug":"servicios-ocio","status":"publish","type":"page","link":"https:\/\/www.audiosatpro.es\/index.php\/servicios\/servicios-ocio\/","title":{"rendered":"Iluminaci\u00f3n Espectacular"},"content":{"rendered":"\n<p class=\"has-text-align-left\">&nbsp;&nbsp;Instalaci\u00f3n, distribuci\u00f3n, venta y reparaci\u00f3n de equipos de iluminaci\u00f3n espectacular, robotizada, arquitectural, LED, LED Digital, focos, etc. en Clubs, Discotecas, Teatros, Auditorios, etc.<\/p>\n\n\n\n<p>&nbsp;&nbsp;Audiosat Pro tambi\u00e9n realiza instalaciones de Iluminaci\u00f3n Espectacular en multitud de proyectos. Desde cabezas m\u00f3viles robotizadas, efectos, m\u00e1quinas de humo o neblina, focos de teatro, LED Digital, etc.<\/p>\n\n\n\n<br>\n\n\n\n<div class=\"wp-block-image\"><figure class=\"aligncenter size-large\"><img loading=\"lazy\" decoding=\"async\" width=\"800\" height=\"390\" src=\"https:\/\/www.audiosatpro.es\/wp-content\/uploads\/servicios_iluminacion_esp_2.png\" alt=\"\" class=\"wp-image-1887\" srcset=\"https:\/\/www.audiosatpro.es\/wp-content\/uploads\/servicios_iluminacion_esp_2.png 800w, https:\/\/www.audiosatpro.es\/wp-content\/uploads\/servicios_iluminacion_esp_2-300x146.png 300w, https:\/\/www.audiosatpro.es\/wp-content\/uploads\/servicios_iluminacion_esp_2-768x374.png 768w\" sizes=\"(max-width: 800px) 100vw, 800px\" \/><\/figure><\/div>\n\n\n\n<br>\n\n\n\n<div class=\"wp-block-image\"><figure class=\"aligncenter size-large\"><img loading=\"lazy\" decoding=\"async\" width=\"800\" height=\"533\" src=\"https:\/\/www.audiosatpro.es\/wp-content\/uploads\/servicios_iluminacion_esp_3.jpg\" alt=\"\" class=\"wp-image-1889\" srcset=\"https:\/\/www.audiosatpro.es\/wp-content\/uploads\/servicios_iluminacion_esp_3.jpg 800w, https:\/\/www.audiosatpro.es\/wp-content\/uploads\/servicios_iluminacion_esp_3-300x200.jpg 300w, https:\/\/www.audiosatpro.es\/wp-content\/uploads\/servicios_iluminacion_esp_3-768x512.jpg 768w\" sizes=\"(max-width: 800px) 100vw, 800px\" \/><\/figure><\/div>\n","protected":false},"excerpt":{"rendered":"<p>&nbsp;&nbsp;Instalaci\u00f3n, distribuci\u00f3n, venta y reparaci\u00f3n de equipos de iluminaci\u00f3n espectacular, robotizada, arquitectural, LED, LED Digital, focos, etc. en Clubs, Discotecas, Teatros, Auditorios, etc. &nbsp;&nbsp;Audiosat Pro<\/p>\n","protected":false},"author":1,"featured_media":1820,"parent":13,"menu_order":1,"comment_status":"closed","ping_status":"closed","template":"page-templates\/template-services.php","meta":{"ngg_post_thumbnail":0,"footnotes":""},"_links":{"self":[{"href":"https:\/\/www.audiosatpro.es\/index.php\/wp-json\/wp\/v2\/pages\/1724"}],"collection":[{"href":"https:\/\/www.audiosatpro.es\/index.php\/wp-json\/wp\/v2\/pages"}],"about":[{"href":"https:\/\/www.audiosatpro.es\/index.php\/wp-json\/wp\/v2\/types\/page"}],"author":[{"embeddable":true,"href":"https:\/\/www.audiosatpro.es\/index.php\/wp-json\/wp\/v2\/users\/1"}],"replies":[{"embeddable":true,"href":"https:\/\/www.audiosatpro.es\/index.php\/wp-json\/wp\/v2\/comments?post=1724"}],"version-history":[{"count":7,"href":"https:\/\/www.audiosatpro.es\/index.php\/wp-json\/wp\/v2\/pages\/1724\/revisions"}],"predecessor-version":[{"id":1923,"href":"https:\/\/www.audiosatpro.es\/index.php\/wp-json\/wp\/v2\/pages\/1724\/revisions\/1923"}],"up":[{"embeddable":true,"href":"https:\/\/www.audiosatpro.es\/index.php\/wp-json\/wp\/v2\/pages\/13"}],"wp:featuredmedia":[{"embeddable":true,"href":"https:\/\/www.audiosatpro.es\/index.php\/wp-json\/wp\/v2\/media\/1820"}],"wp:attachment":[{"href":"https:\/\/www.audiosatpro.es\/index.php\/wp-json\/wp\/v2\/media?parent=1724"}],"curies":[{"name":"wp","href":"https:\/\/api.w.org\/{rel}","templated":true}]}}