{"id":1733,"date":"2019-12-20T11:52:17","date_gmt":"2019-12-20T10:52:17","guid":{"rendered":"https:\/\/www.audiosatpro.es\/?page_id=1733"},"modified":"2020-01-02T17:46:22","modified_gmt":"2020-01-02T16:46:22","slug":"servicios-iluminacion-arquitectural","status":"publish","type":"page","link":"https:\/\/www.audiosatpro.es\/index.php\/servicios\/servicios-iluminacion-arquitectural\/","title":{"rendered":"Iluminaci\u00f3n Arquitectural"},"content":{"rendered":"\n<p class=\"has-text-align-justify\">&nbsp;&nbsp;Instalaci\u00f3n, distribuci\u00f3n, venta y reparaci\u00f3n de equipos de iluminaci\u00f3n arquitectural, focos de exterior, LED, etc. en todo tipo de proyectos. <\/p>\n\n\n\n<p class=\"has-text-align-justify\">&nbsp;&nbsp;Audiosat Pro tambi\u00e9n realiza proyectos de Iluminaci\u00f3n Arquitectural de todo tipo: iluminaci\u00f3n de fachadas, jardines, monumentos, LED digital, etc.<\/p>\n\n\n\n<br>\n\n\n\n<div class=\"wp-block-image\"><figure class=\"aligncenter size-large\"><img loading=\"lazy\" decoding=\"async\" width=\"800\" height=\"390\" src=\"https:\/\/www.audiosatpro.es\/wp-content\/uploads\/servicios_iluminacion_arq_2.png\" alt=\"\" class=\"wp-image-1892\" srcset=\"https:\/\/www.audiosatpro.es\/wp-content\/uploads\/servicios_iluminacion_arq_2.png 800w, https:\/\/www.audiosatpro.es\/wp-content\/uploads\/servicios_iluminacion_arq_2-300x146.png 300w, https:\/\/www.audiosatpro.es\/wp-content\/uploads\/servicios_iluminacion_arq_2-768x374.png 768w\" sizes=\"(max-width: 800px) 100vw, 800px\" \/><\/figure><\/div>\n\n\n\n<br>\n\n\n\n<div class=\"wp-block-image\"><figure class=\"aligncenter size-large\"><img loading=\"lazy\" decoding=\"async\" width=\"800\" height=\"450\" src=\"https:\/\/www.audiosatpro.es\/wp-content\/uploads\/servicios_iluminacion_arq_3.png\" alt=\"\" class=\"wp-image-1893\" srcset=\"https:\/\/www.audiosatpro.es\/wp-content\/uploads\/servicios_iluminacion_arq_3.png 800w, https:\/\/www.audiosatpro.es\/wp-content\/uploads\/servicios_iluminacion_arq_3-300x169.png 300w, https:\/\/www.audiosatpro.es\/wp-content\/uploads\/servicios_iluminacion_arq_3-768x432.png 768w\" sizes=\"(max-width: 800px) 100vw, 800px\" \/><\/figure><\/div>\n","protected":false},"excerpt":{"rendered":"<p>&nbsp;&nbsp;Instalaci\u00f3n, distribuci\u00f3n, venta y reparaci\u00f3n de equipos de iluminaci\u00f3n arquitectural, focos de exterior, LED, etc. en todo tipo de proyectos. &nbsp;&nbsp;Audiosat Pro tambi\u00e9n realiza proyectos<\/p>\n","protected":false},"author":1,"featured_media":1821,"parent":13,"menu_order":2,"comment_status":"closed","ping_status":"closed","template":"page-templates\/template-services.php","meta":{"ngg_post_thumbnail":0,"footnotes":""},"_links":{"self":[{"href":"https:\/\/www.audiosatpro.es\/index.php\/wp-json\/wp\/v2\/pages\/1733"}],"collection":[{"href":"https:\/\/www.audiosatpro.es\/index.php\/wp-json\/wp\/v2\/pages"}],"about":[{"href":"https:\/\/www.audiosatpro.es\/index.php\/wp-json\/wp\/v2\/types\/page"}],"author":[{"embeddable":true,"href":"https:\/\/www.audiosatpro.es\/index.php\/wp-json\/wp\/v2\/users\/1"}],"replies":[{"embeddable":true,"href":"https:\/\/www.audiosatpro.es\/index.php\/wp-json\/wp\/v2\/comments?post=1733"}],"version-history":[{"count":8,"href":"https:\/\/www.audiosatpro.es\/index.php\/wp-json\/wp\/v2\/pages\/1733\/revisions"}],"predecessor-version":[{"id":1924,"href":"https:\/\/www.audiosatpro.es\/index.php\/wp-json\/wp\/v2\/pages\/1733\/revisions\/1924"}],"up":[{"embeddable":true,"href":"https:\/\/www.audiosatpro.es\/index.php\/wp-json\/wp\/v2\/pages\/13"}],"wp:featuredmedia":[{"embeddable":true,"href":"https:\/\/www.audiosatpro.es\/index.php\/wp-json\/wp\/v2\/media\/1821"}],"wp:attachment":[{"href":"https:\/\/www.audiosatpro.es\/index.php\/wp-json\/wp\/v2\/media?parent=1733"}],"curies":[{"name":"wp","href":"https:\/\/api.w.org\/{rel}","templated":true}]}}