{"id":1736,"date":"2019-12-20T11:56:01","date_gmt":"2019-12-20T10:56:01","guid":{"rendered":"https:\/\/www.audiosatpro.es\/?page_id=1736"},"modified":"2020-01-02T17:47:35","modified_gmt":"2020-01-02T16:47:35","slug":"servicios-imagen","status":"publish","type":"page","link":"https:\/\/www.audiosatpro.es\/index.php\/servicios\/servicios-imagen\/","title":{"rendered":"Imagen y Visual Media"},"content":{"rendered":"\n<p class=\"has-text-align-center\">&nbsp;&nbsp;Instalaci\u00f3n, distribuci\u00f3n, venta y reparaci\u00f3n de sistemas de visualizaci\u00f3n de contenidos, pantallas, proyectores, pantallas de LED, monitores, totems, Digital Signage, equipos de reproducci\u00f3n, etc. en cualquier tipo de proyecto. <\/p>\n\n\n\n<p>&nbsp;&nbsp;Audiosat Pro realiza proyectos de Visual Media y Gran Formato de todo tipo. Desde pantallas o monitores hasta grandes pantallas de LED pasando por videoproyectores de cualquier tama\u00f1o, videowall, etc. Carteler\u00eda Digital, reproductores, totems publicitarios, pizarras electr\u00f3nicas, Cine en Casa High End, etc.<\/p>\n\n\n\n<p>&nbsp;&nbsp;Instalaciones en plat\u00f3s de televisi\u00f3n y distribuci\u00f3n de material de Broadcast.<\/p>\n\n\n\n<br>\n\n\n\n<div class=\"wp-block-image\"><figure class=\"aligncenter size-large\"><img loading=\"lazy\" decoding=\"async\" width=\"800\" height=\"390\" src=\"https:\/\/www.audiosatpro.es\/wp-content\/uploads\/servicios_imagen_2.png\" alt=\"\" class=\"wp-image-1904\" srcset=\"https:\/\/www.audiosatpro.es\/wp-content\/uploads\/servicios_imagen_2.png 800w, https:\/\/www.audiosatpro.es\/wp-content\/uploads\/servicios_imagen_2-300x146.png 300w, https:\/\/www.audiosatpro.es\/wp-content\/uploads\/servicios_imagen_2-768x374.png 768w\" sizes=\"(max-width: 800px) 100vw, 800px\" \/><\/figure><\/div>\n\n\n\n<br>\n\n\n\n<div class=\"wp-block-image\"><figure class=\"aligncenter size-large\"><img loading=\"lazy\" decoding=\"async\" width=\"800\" height=\"534\" src=\"https:\/\/www.audiosatpro.es\/wp-content\/uploads\/servicios_imagen_3.jpg\" alt=\"\" class=\"wp-image-1905\" srcset=\"https:\/\/www.audiosatpro.es\/wp-content\/uploads\/servicios_imagen_3.jpg 800w, https:\/\/www.audiosatpro.es\/wp-content\/uploads\/servicios_imagen_3-300x200.jpg 300w, https:\/\/www.audiosatpro.es\/wp-content\/uploads\/servicios_imagen_3-768x513.jpg 768w\" sizes=\"(max-width: 800px) 100vw, 800px\" \/><\/figure><\/div>\n","protected":false},"excerpt":{"rendered":"<p>&nbsp;&nbsp;Instalaci\u00f3n, distribuci\u00f3n, venta y reparaci\u00f3n de sistemas de visualizaci\u00f3n de contenidos, pantallas, proyectores, pantallas de LED, monitores, totems, Digital Signage, equipos de reproducci\u00f3n, etc. en<\/p>\n","protected":false},"author":1,"featured_media":1737,"parent":13,"menu_order":3,"comment_status":"closed","ping_status":"closed","template":"page-templates\/template-services.php","meta":{"ngg_post_thumbnail":0,"footnotes":""},"_links":{"self":[{"href":"https:\/\/www.audiosatpro.es\/index.php\/wp-json\/wp\/v2\/pages\/1736"}],"collection":[{"href":"https:\/\/www.audiosatpro.es\/index.php\/wp-json\/wp\/v2\/pages"}],"about":[{"href":"https:\/\/www.audiosatpro.es\/index.php\/wp-json\/wp\/v2\/types\/page"}],"author":[{"embeddable":true,"href":"https:\/\/www.audiosatpro.es\/index.php\/wp-json\/wp\/v2\/users\/1"}],"replies":[{"embeddable":true,"href":"https:\/\/www.audiosatpro.es\/index.php\/wp-json\/wp\/v2\/comments?post=1736"}],"version-history":[{"count":6,"href":"https:\/\/www.audiosatpro.es\/index.php\/wp-json\/wp\/v2\/pages\/1736\/revisions"}],"predecessor-version":[{"id":1925,"href":"https:\/\/www.audiosatpro.es\/index.php\/wp-json\/wp\/v2\/pages\/1736\/revisions\/1925"}],"up":[{"embeddable":true,"href":"https:\/\/www.audiosatpro.es\/index.php\/wp-json\/wp\/v2\/pages\/13"}],"wp:featuredmedia":[{"embeddable":true,"href":"https:\/\/www.audiosatpro.es\/index.php\/wp-json\/wp\/v2\/media\/1737"}],"wp:attachment":[{"href":"https:\/\/www.audiosatpro.es\/index.php\/wp-json\/wp\/v2\/media?parent=1736"}],"curies":[{"name":"wp","href":"https:\/\/api.w.org\/{rel}","templated":true}]}}