{"id":1748,"date":"2019-12-20T12:48:22","date_gmt":"2019-12-20T11:48:22","guid":{"rendered":"https:\/\/www.audiosatpro.es\/?page_id=1748"},"modified":"2020-01-02T17:41:03","modified_gmt":"2020-01-02T16:41:03","slug":"servicios-laboratorio-sat","status":"publish","type":"page","link":"https:\/\/www.audiosatpro.es\/index.php\/servicios\/servicios-laboratorio-sat\/","title":{"rendered":"Laboratorio y Servicio T\u00e9cnico"},"content":{"rendered":"\n<p class=\"has-text-align-center\">&nbsp;&nbsp;Disponemos de Laboratorio y Servicio T\u00e9cnico propios para las pruebas\/reparaciones necesarias para cualquier equipo de sonido profesional, iluminaci\u00f3n espectacular o video profesional. Servicio T\u00e9cnico multimarca. Servicio T\u00e9cnico oficial de varias marcas.<\/p>\n\n\n\n<p>&nbsp;&nbsp;Uno de los pilares m\u00e1s importantes de Audiosat Pro es su Laboratorio y Servicio T\u00e9cnico Multimarca. En ellos se analiza y repara todo tipo de material de sonido profesional..<\/p>\n\n\n\n<p>&nbsp;&nbsp;Actualmente somos Servicio T\u00e9cnico Oficial de <strong>Martin.<\/strong>&nbsp;Tambi\u00e9n somos Servicio T\u00e9cnico Autorizado de <strong>JBL Pro<\/strong>, S<strong>hure<\/strong>, <strong>Crown<\/strong>, <strong>Void Acoustics, Pioneer DJ<\/strong>, <strong>Denon Pro &amp; DJ<\/strong>, <strong>Electro Voice<\/strong>, etc.<\/p>\n\n\n\n<p>&nbsp;&nbsp;Adem\u00e1s, nuestro servicio multimarca permite la reparaci\u00f3n de equipos de otras muchas marcas como Bose, Technics, Rodec, Polk Audio, &#8230; y una larga lista de las principales marcas de este sector.<\/p>\n\n\n\n<p>&nbsp;&nbsp;Disponemos de Ingenieros, T\u00e9cnicos y personal altamente cualificado, as\u00ed como de gran cantidad y diversidad de instrumentaci\u00f3n y aparatos de medida, con lo que ofrecemos asistencia, reparaci\u00f3n y ajuste con los \u00faltimos medios del mercado.<\/p>\n\n\n\n<p>&nbsp;&nbsp;Tambi\u00e9n contamos con un amplio stock de recambios originales de las marcas indicadas, as\u00ed como de material de sustituci\u00f3n para aquellos clientes que no pueden dejar de trabajar por tener un aparato en el taller.<\/p>\n\n\n\n<p>&nbsp;&nbsp;Todo ello sin olvidar que todos los servicios indicados ofrecen la garant\u00eda de calidad certificada seg\u00fan la norma <strong>ISO 9001:2000<\/strong>.<\/p>\n\n\n\n<div class=\"wp-block-image\"><figure class=\"aligncenter size-large\"><img loading=\"lazy\" decoding=\"async\" width=\"800\" height=\"120\" src=\"https:\/\/www.audiosatpro.es\/wp-content\/uploads\/servicios_sat_3.jpg\" alt=\"\" class=\"wp-image-1916\" srcset=\"https:\/\/www.audiosatpro.es\/wp-content\/uploads\/servicios_sat_3.jpg 800w, https:\/\/www.audiosatpro.es\/wp-content\/uploads\/servicios_sat_3-300x45.jpg 300w, https:\/\/www.audiosatpro.es\/wp-content\/uploads\/servicios_sat_3-768x115.jpg 768w\" sizes=\"(max-width: 800px) 100vw, 800px\" \/><\/figure><\/div>\n\n\n\n<div class=\"wp-block-image\"><figure class=\"aligncenter size-large\"><img loading=\"lazy\" decoding=\"async\" width=\"800\" height=\"533\" src=\"https:\/\/www.audiosatpro.es\/wp-content\/uploads\/servicios_sat_2.jpg\" alt=\"\" class=\"wp-image-1917\" srcset=\"https:\/\/www.audiosatpro.es\/wp-content\/uploads\/servicios_sat_2.jpg 800w, https:\/\/www.audiosatpro.es\/wp-content\/uploads\/servicios_sat_2-300x200.jpg 300w, https:\/\/www.audiosatpro.es\/wp-content\/uploads\/servicios_sat_2-768x512.jpg 768w\" sizes=\"(max-width: 800px) 100vw, 800px\" \/><\/figure><\/div>\n","protected":false},"excerpt":{"rendered":"<p>&nbsp;&nbsp;Disponemos de Laboratorio y Servicio T\u00e9cnico propios para las pruebas\/reparaciones necesarias para cualquier equipo de sonido profesional, iluminaci\u00f3n espectacular o video profesional. Servicio T\u00e9cnico multimarca.<\/p>\n","protected":false},"author":1,"featured_media":1823,"parent":13,"menu_order":5,"comment_status":"closed","ping_status":"closed","template":"page-templates\/template-services.php","meta":{"ngg_post_thumbnail":0,"footnotes":""},"_links":{"self":[{"href":"https:\/\/www.audiosatpro.es\/index.php\/wp-json\/wp\/v2\/pages\/1748"}],"collection":[{"href":"https:\/\/www.audiosatpro.es\/index.php\/wp-json\/wp\/v2\/pages"}],"about":[{"href":"https:\/\/www.audiosatpro.es\/index.php\/wp-json\/wp\/v2\/types\/page"}],"author":[{"embeddable":true,"href":"https:\/\/www.audiosatpro.es\/index.php\/wp-json\/wp\/v2\/users\/1"}],"replies":[{"embeddable":true,"href":"https:\/\/www.audiosatpro.es\/index.php\/wp-json\/wp\/v2\/comments?post=1748"}],"version-history":[{"count":6,"href":"https:\/\/www.audiosatpro.es\/index.php\/wp-json\/wp\/v2\/pages\/1748\/revisions"}],"predecessor-version":[{"id":1919,"href":"https:\/\/www.audiosatpro.es\/index.php\/wp-json\/wp\/v2\/pages\/1748\/revisions\/1919"}],"up":[{"embeddable":true,"href":"https:\/\/www.audiosatpro.es\/index.php\/wp-json\/wp\/v2\/pages\/13"}],"wp:featuredmedia":[{"embeddable":true,"href":"https:\/\/www.audiosatpro.es\/index.php\/wp-json\/wp\/v2\/media\/1823"}],"wp:attachment":[{"href":"https:\/\/www.audiosatpro.es\/index.php\/wp-json\/wp\/v2\/media?parent=1748"}],"curies":[{"name":"wp","href":"https:\/\/api.w.org\/{rel}","templated":true}]}}