{"id":451,"date":"2013-03-06T10:31:25","date_gmt":"2013-03-06T09:31:25","guid":{"rendered":"http:\/\/www.audiosatpro.es\/?page_id=451"},"modified":"2023-08-18T13:23:07","modified_gmt":"2023-08-18T11:23:07","slug":"gimnasios","status":"publish","type":"page","link":"https:\/\/www.audiosatpro.es\/index.php\/proyectos\/gimnasios\/","title":{"rendered":"Gimnasios"},"content":{"rendered":"\n<div>\n<p style=\"text-align: justify;\">\u00a0\u00a0Soluciones para Gimnasios, Centros Deportivos, Clubs de Fitness, Polideportivos, etc. Desde el sistema de Megafon\u00eda hasta los equipos de sonido para las Salas de Actividades, pasando por los sistemas de entretenimiento personal como <strong>Cardio Theater <\/strong>para las m\u00e1quinas de ejercicio cardiovascular. Audiosat Pro desarrolla, dise\u00f1a y personaliza la instalaci\u00f3n para cada uno de sus clientes, ejerciendo adem\u00e1s como consultor\u00eda en los campos indicados.<\/p>\n<p style=\"text-align: justify;\">\u00a0\u00a0Trabajamos con las mejores marcas de audio profesional, por lo que les aseguramos a nuestros clientes la calidad y fiabilidad de sus sistemas, sugiri\u00e9ndole a cada uno las soluciones m\u00e1s adecuadas a sus necesidades.<\/p>\n<p style=\"text-align: justify;\">\u00a0\u00a0Somos los distribuidores en Espa\u00f1a del sistema Cardio Theater, que b\u00e1sicamente consiste en un sistema de entretenimiento para los usuarios de las m\u00e1quinas de ejercicio cardiovascular que les permite escuchar cualquier fuente sonora (televisores, radios, etc) mientras practican ejercicio.<\/p>\n<p style=\"text-align: justify;\">\u00a0\u00a0Disponemos de una marca propia, <strong>ASP Fitness<\/strong>, bajo la cual distribu\u00edmos ciertos productos de sonido dise\u00f1ados espec\u00edficamente para esta industria. En especial, nuestros <strong>micr\u00f3fonos de diadema resistentes al sudor<\/strong>, as\u00ed como etapas de potencia, previos y otros equipos.<\/p>\n<p style=\"text-align: justify;\">\u00a0\u00a0En este sector atendemos a importantes clientes, como las cadenas Go Fit, Metropolitan, Dreamfit, Zagros Sports, Up Quality Fitness, B3B, Synergym, Supera Sidecu, etc habi\u00e9ndoles realizado numerosas instalaciones por toda Espa\u00f1a.<\/p>\n<p style=\"text-align: justify;\">\u00a0\u00a0Tambi\u00e9n realizamos instalaciones en Polideportivos y Centros Municipales, campos de f\u00fatbol, etc. Por ejemplo, el Polideportivo de Navalcarnero, centros IDM Madrid, campo de f\u00fatbol de Rivas, etc.<\/p>\n<\/div>\n\n\n\n<div id=\"featured-boxs\">\n<div class=\"content-ver-sep\">&nbsp;<\/div>\n<table border=\"0\" width=\"930\" align=\"center\" bgcolor=\"#ffffff\">\n<tbody>\n<tr bgcolor=\"#ffffff\">\n<td valign=\"middle\" bgcolor=\"#ffffff\" width=\"310\"><a href=\"https:\/\/www.audiosatpro.es\/index.php\/proyectos\/gimnasios\">ngg_shortcode_0_placeholder<\/a><\/td>\n<td valign=\"middle\" bgcolor=\"#ffffff\" width=\"310\"><a href=\"https:\/\/www.audiosatpro.es\/index.php\/proyectos\/gimnasios\">ngg_shortcode_1_placeholder<\/a><\/td>\n<td valign=\"middle\" bgcolor=\"#ffffff\" width=\"310\"><a href=\"https:\/\/www.audiosatpro.es\/index.php\/proyectos\/gimnasios\">ngg_shortcode_2_placeholder<\/a><\/td>\n<\/tr>\n<tr bgcolor=\"#ffffff\">\n<td bgcolor=\"#ffffff\" width=\"310\" height=\"30\"><center><\/p>\n<h2><a href=\"https:\/\/www.audiosatpro.es\/index.php\/proyectos\/gimnasios\">GO FIT<\/a><\/h2>\n<p><\/center><\/td>\n<td bgcolor=\"#ffffff\" width=\"310\" height=\"30\"><center><\/p>\n<h2><a href=\"https:\/\/www.audiosatpro.es\/index.php\/proyectos\/gimnasios\">DREAMFIT<\/a><\/h2>\n<p><\/center><\/td>\n<td bgcolor=\"#ffffff\" width=\"310\" height=\"30\"><center><\/p>\n<h2><a href=\"https:\/\/www.audiosatpro.es\/index.php\/proyectos\/gimnasios\">SYNERGYM<\/a><\/h2>\n<p><\/center><\/td>\n<\/tr>\n<\/tbody>\n<\/table>\n<div class=\"content-ver-sep\"><\/div>\n\n\n\n<div id=\"featured-boxs\">\n<div class=\"content-ver-sep\"><\/div>\n<table border=\"0\" width=\"930\" align=\"center\" bgcolor=\"#ffffff\">\n<tbody>\n<tr bgcolor=\"#ffffff\">\n<td valign=\"middle\" bgcolor=\"#ffffff\" width=\"310\"><a href=\"https:\/\/www.audiosatpro.es\/index.php\/proyectos\/gimnasios\">ngg_shortcode_3_placeholder<\/a><\/td>\n<td valign=\"middle\" bgcolor=\"#ffffff\" width=\"310\"><a href=\"https:\/\/www.audiosatpro.es\/index.php\/proyectos\/gimnasios\">ngg_shortcode_4_placeholder<\/a><\/td>\n<td valign=\"middle\" bgcolor=\"#ffffff\" width=\"310\"><a href=\"https:\/\/www.audiosatpro.es\/index.php\/proyectos\/gimnasios\">ngg_shortcode_5_placeholder<\/a><\/td>\n<\/tr>\n<tr bgcolor=\"#ffffff\">\n<td bgcolor=\"#ffffff\" width=\"310\" height=\"30\"><center><\/p>\n<h2><a href=\"https:\/\/www.audiosatpro.es\/index.php\/proyectos\/gimnasios\">METROPOLITAN<\/a><\/h2>\n<p><\/center><\/td>\n<td bgcolor=\"#ffffff\" width=\"310\" height=\"30\"><center><\/p>\n<h2><a href=\"https:\/\/www.audiosatpro.es\/index.php\/proyectos\/gimnasios\">VIRGIN ACTIVE<\/a><\/h2>\n<p><\/center><\/td>\n<td bgcolor=\"#ffffff\" width=\"310\" height=\"30\"><center><\/p>\n<h2><a href=\"https:\/\/www.audiosatpro.es\/index.php\/proyectos\/gimnasios\">O2 WELLNESS<\/a><\/h2>\n<p><\/center><\/td>\n<\/tr>\n<\/tbody>\n<\/table>\n<div class=\"content-ver-sep\"><\/div>\n\n\n\n<div id=\"featured-boxs\">\n<div class=\"content-ver-sep\"><\/div>\n<table border=\"0\" width=\"930\" align=\"center\" bgcolor=\"#ffffff\">\n<tbody>\n<tr bgcolor=\"#ffffff\">\n<td valign=\"middle\" bgcolor=\"#ffffff\" width=\"310\"><a href=\"https:\/\/www.audiosatpro.es\/index.php\/proyectos\/gimnasios\">ngg_shortcode_6_placeholder<\/a><\/td>\n<td valign=\"middle\" bgcolor=\"#ffffff\" width=\"310\"><a href=\"https:\/\/www.audiosatpro.es\/index.php\/proyectos\/gimnasios\">ngg_shortcode_7_placeholder<\/a><\/td>\n<td valign=\"middle\" bgcolor=\"#ffffff\" width=\"310\"><a href=\"https:\/\/www.audiosatpro.es\/index.php\/proyectos\/gimnasios\">ngg_shortcode_8_placeholder<\/a><\/td>\n<\/tr>\n<tr bgcolor=\"#ffffff\">\n<td bgcolor=\"#ffffff\" width=\"310\" height=\"30\"><center><\/p>\n<h2><a href=\"https:\/\/www.audiosatpro.es\/index.php\/proyectos\/gimnasios\">UP QUALITY FITNESS<\/a><\/h2>\n<p><\/center><\/td>\n<td bgcolor=\"#ffffff\" width=\"310\" height=\"30\"><center><\/p>\n<h2><a href=\"https:\/\/www.audiosatpro.es\/index.php\/proyectos\/gimnasios\">HEALTH CITY<\/a><\/h2>\n<p><\/center><\/td>\n<td bgcolor=\"#ffffff\" width=\"310\" height=\"30\"><center><\/p>\n<h2><a href=\"https:\/\/www.audiosatpro.es\/index.php\/proyectos\/gimnasios\">RACKS Y EQUIPOS<\/a><\/h2>\n<p><\/center><\/td>\n<\/tr>\n<\/tbody>\n<\/table>\n<div class=\"content-ver-sep\"><\/div>\n<\/div>\n<\/div>\n","protected":false},"excerpt":{"rendered":"<p>\u00a0\u00a0Soluciones para Gimnasios, Centros Deportivos, Clubs de Fitness, Polideportivos, etc. Desde el sistema de Megafon\u00eda hasta los equipos de sonido para las Salas de Actividades,<\/p>\n","protected":false},"author":1,"featured_media":1783,"parent":11,"menu_order":11,"comment_status":"closed","ping_status":"closed","template":"page-templates\/template-portfolio.php","meta":{"ngg_post_thumbnail":0,"footnotes":""},"_links":{"self":[{"href":"https:\/\/www.audiosatpro.es\/index.php\/wp-json\/wp\/v2\/pages\/451"}],"collection":[{"href":"https:\/\/www.audiosatpro.es\/index.php\/wp-json\/wp\/v2\/pages"}],"about":[{"href":"https:\/\/www.audiosatpro.es\/index.php\/wp-json\/wp\/v2\/types\/page"}],"author":[{"embeddable":true,"href":"https:\/\/www.audiosatpro.es\/index.php\/wp-json\/wp\/v2\/users\/1"}],"replies":[{"embeddable":true,"href":"https:\/\/www.audiosatpro.es\/index.php\/wp-json\/wp\/v2\/comments?post=451"}],"version-history":[{"count":33,"href":"https:\/\/www.audiosatpro.es\/index.php\/wp-json\/wp\/v2\/pages\/451\/revisions"}],"predecessor-version":[{"id":2339,"href":"https:\/\/www.audiosatpro.es\/index.php\/wp-json\/wp\/v2\/pages\/451\/revisions\/2339"}],"up":[{"embeddable":true,"href":"https:\/\/www.audiosatpro.es\/index.php\/wp-json\/wp\/v2\/pages\/11"}],"wp:featuredmedia":[{"embeddable":true,"href":"https:\/\/www.audiosatpro.es\/index.php\/wp-json\/wp\/v2\/media\/1783"}],"wp:attachment":[{"href":"https:\/\/www.audiosatpro.es\/index.php\/wp-json\/wp\/v2\/media?parent=451"}],"curies":[{"name":"wp","href":"https:\/\/api.w.org\/{rel}","templated":true}]}}