{"id":453,"date":"2013-03-06T10:31:55","date_gmt":"2013-03-06T09:31:55","guid":{"rendered":"http:\/\/www.audiosatpro.es\/?page_id=453"},"modified":"2019-12-31T09:58:01","modified_gmt":"2019-12-31T08:58:01","slug":"ingenieria","status":"publish","type":"page","link":"https:\/\/www.audiosatpro.es\/index.php\/proyectos\/ingenieria\/","title":{"rendered":"Ingenier\u00eda"},"content":{"rendered":"<p style=\"text-align: justify;\">&nbsp;&nbsp;Audiosat Pro tambi\u00e9n ofrece sus servicios de <strong>Consultor\u00eda<\/strong> y nuestro <strong>Departamento de Ingenier\u00eda<\/strong>, siendo capaces por tanto de dise\u00f1ar, proyectar y ejecutar cualquier tipo de instalaci\u00f3n de sonido, megafon\u00eda y campos relacionados con los sistemas audiovisuales, siempre de la forma m\u00e1s adecuada. Todo ello queda garantizado por nuestro estricto sistema de calidad certificado bajo la norma <strong>ISO 9001:2000<\/strong>.<\/p>\n<p style=\"text-align: justify;\">&nbsp;&nbsp;Hemos colaborado estrechamente con un buen n\u00famero de Ingenier\u00edas y Constructoras, ocup\u00e1ndonos directamente de la parte correspondiente a nuestra competencia.<\/p>\n<p><img loading=\"lazy\" decoding=\"async\" class=\"box-image aligncenter\" alt=\"ocio\" src=\"https:\/\/www.audiosatpro.es\/wp-content\/uploads\/logosiso.jpg\" width=\"400\" height=\"300\"><\/p>\n<div>\n<div id=\"featured-boxs\" bgcolor=\"#ffffff\">\n<div class=\"content-ver-sep\"><\/div>\n<table width=\"930\" border=\"0\" bgcolor=\"#ffffff\">\n<tbody>\n<tr bgcolor=\"#ffffff\">\n<td height=\"310\" bgcolor=\"#ffffff\">\n<p style=\"text-align: center;\"><a href=\"https:\/\/www.audiosatpro.es\/index.php\/proyectos\/ingenieria\"><img decoding=\"async\" class=\"box-image aligncenter\" style=\"width:465px;height:310px\" alt=\"Planos\" src=\"https:\/\/www.audiosatpro.es\/wp-content\/uploads\/planos.jpg\"><\/a><\/p>\n<\/td>\n<td height=\"310\" bgcolor=\"#ffffff\">\n<p style=\"text-align: center;\"><a href=\"https:\/\/www.audiosatpro.es\/index.php\/proyectos\/ingenieria\"><img decoding=\"async\" class=\"box-image aligncenter\" style=\"width:465px;height:310px\" alt=\"Diagramas y esquemas\" src=\"https:\/\/www.audiosatpro.es\/wp-content\/uploads\/diagramas.jpg\"><\/a><\/p>\n<\/td>\n<\/tr>\n<tr bgcolor=\"#ffffff\">\n<td height=\"310\" bgcolor=\"#ffffff\">\n<p style=\"text-align: center;\"><a href=\"https:\/\/www.audiosatpro.es\/index.php\/proyectos\/ingenieria\"><img decoding=\"async\" class=\"box-image aligncenter\" style=\"width:465px;height:310px\" alt=\"Predicci\u00f3n Ac\u00fastica\" src=\"https:\/\/www.audiosatpro.es\/wp-content\/uploads\/smaart.jpg\"><\/a><\/p>\n<\/td>\n<td height=\"310\" bgcolor=\"#ffffff\">\n<p style=\"text-align: center;\"><a href=\"https:\/\/www.audiosatpro.es\/index.php\/proyectos\/ingenieria\"><img decoding=\"async\" class=\"box-image aligncenter\" style=\"width:465px;height:310px\" alt=\"simulaci\u00f3nmaart\" src=\"https:\/\/www.audiosatpro.es\/wp-content\/uploads\/ease.jpg\"><\/a><\/p>\n<\/td>\n<\/tr>\n<tr bgcolor=\"#ffffff\">\n<td height=\"52\" colspan=\"2\" bgcolor=\"#ffffff\"><center><\/p>\n<h2><a href=\"https:\/\/www.audiosatpro.es\/index.php\/proyectos\/ingenieria\">INGENIERIA<\/a><\/h2>\n<p><\/center><\/td>\n<\/tr>\n<\/tbody>\n<\/table>\n<div class=\"content-ver-sep\"><\/div>\n<\/div>\n<\/div>\n","protected":false},"excerpt":{"rendered":"<p>&nbsp;&nbsp;Audiosat Pro tambi\u00e9n ofrece sus servicios de Consultor\u00eda y nuestro Departamento de Ingenier\u00eda, siendo capaces por tanto de dise\u00f1ar, proyectar y ejecutar cualquier tipo de<\/p>\n","protected":false},"author":1,"featured_media":1788,"parent":11,"menu_order":12,"comment_status":"closed","ping_status":"closed","template":"page-templates\/template-portfolio.php","meta":{"ngg_post_thumbnail":0,"footnotes":""},"_links":{"self":[{"href":"https:\/\/www.audiosatpro.es\/index.php\/wp-json\/wp\/v2\/pages\/453"}],"collection":[{"href":"https:\/\/www.audiosatpro.es\/index.php\/wp-json\/wp\/v2\/pages"}],"about":[{"href":"https:\/\/www.audiosatpro.es\/index.php\/wp-json\/wp\/v2\/types\/page"}],"author":[{"embeddable":true,"href":"https:\/\/www.audiosatpro.es\/index.php\/wp-json\/wp\/v2\/users\/1"}],"replies":[{"embeddable":true,"href":"https:\/\/www.audiosatpro.es\/index.php\/wp-json\/wp\/v2\/comments?post=453"}],"version-history":[{"count":10,"href":"https:\/\/www.audiosatpro.es\/index.php\/wp-json\/wp\/v2\/pages\/453\/revisions"}],"predecessor-version":[{"id":1786,"href":"https:\/\/www.audiosatpro.es\/index.php\/wp-json\/wp\/v2\/pages\/453\/revisions\/1786"}],"up":[{"embeddable":true,"href":"https:\/\/www.audiosatpro.es\/index.php\/wp-json\/wp\/v2\/pages\/11"}],"wp:featuredmedia":[{"embeddable":true,"href":"https:\/\/www.audiosatpro.es\/index.php\/wp-json\/wp\/v2\/media\/1788"}],"wp:attachment":[{"href":"https:\/\/www.audiosatpro.es\/index.php\/wp-json\/wp\/v2\/media?parent=453"}],"curies":[{"name":"wp","href":"https:\/\/api.w.org\/{rel}","templated":true}]}}