{"id":455,"date":"2013-03-06T10:32:59","date_gmt":"2013-03-06T09:32:59","guid":{"rendered":"http:\/\/www.audiosatpro.es\/?page_id=455"},"modified":"2023-08-18T13:26:17","modified_gmt":"2023-08-18T11:26:17","slug":"centrosoficiales","status":"publish","type":"page","link":"https:\/\/www.audiosatpro.es\/index.php\/proyectos\/centrosoficiales\/","title":{"rendered":"Auditorios y centros oficiales"},"content":{"rendered":"\n<div>\n<p style=\"text-align: justify;\">&nbsp;&nbsp;Audiosat Pro tambi\u00e9n presta servicios a todo tipo de entidades p\u00fablicas: auditorios, teatros, ayuntamientos, organismos oficiales, colegios, etc.<\/p>\n<p style=\"text-align: justify;\">&nbsp;&nbsp;Sistemas de conferencias con y sin votaci\u00f3n y\/o traducci\u00f3n simult\u00e1nea, equipos de sonido, soluciones de megafon\u00eda, iluminaci\u00f3n, videoproyecci\u00f3n, presentaci\u00f3n y, en general, cualquier necesidad audiovisual que puedan tener.<\/p>\n<p style=\"text-align: justify;\">&nbsp;&nbsp;Clientes como el Palacio de Congresos de Toledo, el Ayuntamiento de Madrid, la CEOE, la CEIM, el Ayuntamiento de Parla, el Ministerio del Aire, la facultad de Bellas Artes, el C\u00edrculo de Bellas Artes de Madrid, el Ayuntamiento de Benahavis, Colegios Mayores, la residencia de estudiantes del CSIC, Universidades como la de Alfonso X, la de Sevilla, colegios, etc han confiado en la profesionalidad de Audiosat Pro para satisfacer sus necesidades audiovisuales.<\/p>\n<\/div>\n\n\n\n<div id=\"featured-boxs\">\n<div class=\"content-ver-sep\"><\/div>\n<table border=\"0\" width=\"930\" align=\"center\" bgcolor=\"#ffffff\">\n<tbody>\n<tr bgcolor=\"#ffffff\">\n<td valign=\"middle\" bgcolor=\"#ffffff\" width=\"310\"><a href=\"https:\/\/www.audiosatpro.es\/index.php\/proyectos\/centrosoficiales\">ngg_shortcode_0_placeholder<\/a><\/td>\n<td valign=\"middle\" bgcolor=\"#ffffff\" width=\"310\"><a href=\"https:\/\/www.audiosatpro.es\/index.php\/proyectos\/centrosoficiales\">ngg_shortcode_1_placeholder<\/a><\/td>\n<td valign=\"middle\" bgcolor=\"#ffffff\" width=\"310\"><a href=\"https:\/\/www.audiosatpro.es\/index.php\/proyectos\/centrosoficiales\">ngg_shortcode_2_placeholder<\/a><\/td>\n<\/tr>\n<tr bgcolor=\"#ffffff\">\n<td bgcolor=\"#ffffff\" width=\"310\" height=\"30\"><center><\/p>\n<h2><a href=\"https:\/\/www.audiosatpro.es\/index.php\/proyectos\/palacio-congresos-toledo\">PALACIO DE CONGRESOS DE TOLEDO<\/a><\/h2>\n<p><\/center><\/td>\n<td bgcolor=\"#ffffff\" width=\"310\" height=\"30\"><center><\/p>\n<h2><a href=\"https:\/\/www.audiosatpro.es\/index.php\/proyectos\/centrosoficiales\">ORGANISMOS OFICIALES<\/a><\/h2>\n<p><\/center><\/td>\n<td bgcolor=\"#ffffff\" width=\"310\" height=\"30\"><center><\/p>\n<h2><a href=\"https:\/\/www.audiosatpro.es\/index.php\/proyectos\/centrosoficiales\">SALAS DE CONFERENCIAS<\/a><\/h2>\n<p><\/center><\/td>\n<\/tr>\n<\/tbody>\n<\/table>\n<\/div>\n","protected":false},"excerpt":{"rendered":"<p>&nbsp;&nbsp;Audiosat Pro tambi\u00e9n presta servicios a todo tipo de entidades p\u00fablicas: auditorios, teatros, ayuntamientos, organismos oficiales, colegios, etc. &nbsp;&nbsp;Sistemas de conferencias con y sin votaci\u00f3n<\/p>\n","protected":false},"author":1,"featured_media":1790,"parent":11,"menu_order":13,"comment_status":"closed","ping_status":"closed","template":"page-templates\/template-portfolio.php","meta":{"ngg_post_thumbnail":0,"footnotes":""},"_links":{"self":[{"href":"https:\/\/www.audiosatpro.es\/index.php\/wp-json\/wp\/v2\/pages\/455"}],"collection":[{"href":"https:\/\/www.audiosatpro.es\/index.php\/wp-json\/wp\/v2\/pages"}],"about":[{"href":"https:\/\/www.audiosatpro.es\/index.php\/wp-json\/wp\/v2\/types\/page"}],"author":[{"embeddable":true,"href":"https:\/\/www.audiosatpro.es\/index.php\/wp-json\/wp\/v2\/users\/1"}],"replies":[{"embeddable":true,"href":"https:\/\/www.audiosatpro.es\/index.php\/wp-json\/wp\/v2\/comments?post=455"}],"version-history":[{"count":15,"href":"https:\/\/www.audiosatpro.es\/index.php\/wp-json\/wp\/v2\/pages\/455\/revisions"}],"predecessor-version":[{"id":2343,"href":"https:\/\/www.audiosatpro.es\/index.php\/wp-json\/wp\/v2\/pages\/455\/revisions\/2343"}],"up":[{"embeddable":true,"href":"https:\/\/www.audiosatpro.es\/index.php\/wp-json\/wp\/v2\/pages\/11"}],"wp:featuredmedia":[{"embeddable":true,"href":"https:\/\/www.audiosatpro.es\/index.php\/wp-json\/wp\/v2\/media\/1790"}],"wp:attachment":[{"href":"https:\/\/www.audiosatpro.es\/index.php\/wp-json\/wp\/v2\/media?parent=455"}],"curies":[{"name":"wp","href":"https:\/\/api.w.org\/{rel}","templated":true}]}}