{"id":457,"date":"2013-03-06T10:33:33","date_gmt":"2013-03-06T09:33:33","guid":{"rendered":"http:\/\/www.audiosatpro.es\/?page_id=457"},"modified":"2023-08-18T13:29:17","modified_gmt":"2023-08-18T11:29:17","slug":"tiendas","status":"publish","type":"page","link":"https:\/\/www.audiosatpro.es\/index.php\/proyectos\/tiendas\/","title":{"rendered":"Tiendas, Centros Comerciales, Hoteles"},"content":{"rendered":"\n<div>\n<p style=\"text-align: justify;\">&nbsp;&nbsp;Instalaciones audiovisuales en tiendas, centros comerciales, hoteles, etc ofreciendo desde el sistema de sonido hasta los sistemas de carteler\u00eda digital o digital signage, pantallas de LED para presentaci\u00f3n, videowall, plasmawall, iluminaci\u00f3n espectacular, sistemas de videoproyecci\u00f3n y control de video y en general cualquier sistema audiovisual para este tipo de aplicaciones.<\/p>\n<p style=\"text-align: justify;\">&nbsp;&nbsp;Algunos de nuestros clientes en este sector son tiendas Blanco, Zara, Cortefiel, Lois, Hotel ADA Gran V\u00eda Madrid, Hoteles NH, etc.<\/p>\n<\/div>\n\n\n\n<div id=\"featured-boxs\" bgcolor=\"#ffffff\">\n<div class=\"content-ver-sep\"><\/div>\n<table width=\"930\" border=\"0\" align=\"center\" bgcolor=\"#ffffff\">\n<tbody bgcolor=\"#ffffff\">\n<tr bgcolor=\"#ffffff\">\n<td valign=\"middle\" bgcolor=\"#ffffff\" width=\"310\"><a href=\"https:\/\/www.audiosatpro.es\/index.php\/proyectos\/tiendas\">ngg_shortcode_0_placeholder<\/a><\/td>\n<td valign=\"middle\" bgcolor=\"#ffffff\" width=\"310\"><a href=\"https:\/\/www.audiosatpro.es\/index.php\/proyectos\/tiendas\">ngg_shortcode_1_placeholder<\/a><\/td>\n<td valign=\"middle\" bgcolor=\"#ffffff\" width=\"310\"><a href=\"https:\/\/www.audiosatpro.es\/index.php\/proyectos\/tiendas\">ngg_shortcode_2_placeholder<\/a><\/td>\n<\/tr>\n<tr bgcolor=\"#ffffff\">\n<td bgcolor=\"#ffffff\" width=\"310\" height=\"30\"><center><\/p>\n<h2><a href=\"https:\/\/www.audiosatpro.es\/index.php\/proyectos\/tiendas\">TIENDAS<\/a><\/h2>\n<p><\/center><\/td>\n<td bgcolor=\"#ffffff\" width=\"310\" height=\"30\"><center><\/p>\n<h2><a href=\"https:\/\/www.audiosatpro.es\/index.php\/proyectos\/tiendas\">CENTROS COMERCIALES<\/a><\/h2>\n<p><\/center><\/td>\n<td bgcolor=\"#ffffff\" width=\"310\" height=\"30\"><center><\/p>\n<h2><a href=\"https:\/\/www.audiosatpro.es\/index.php\/proyectos\/tiendas\">HOTELES<\/a><\/h2>\n<p><\/center><\/td>\n<\/tr>\n<\/tbody>\n<\/table>\n<\/div>\n","protected":false},"excerpt":{"rendered":"<p>&nbsp;&nbsp;Instalaciones audiovisuales en tiendas, centros comerciales, hoteles, etc ofreciendo desde el sistema de sonido hasta los sistemas de carteler\u00eda digital o digital signage, pantallas de<\/p>\n","protected":false},"author":1,"featured_media":1793,"parent":11,"menu_order":14,"comment_status":"closed","ping_status":"closed","template":"page-templates\/template-portfolio.php","meta":{"ngg_post_thumbnail":0,"footnotes":""},"_links":{"self":[{"href":"https:\/\/www.audiosatpro.es\/index.php\/wp-json\/wp\/v2\/pages\/457"}],"collection":[{"href":"https:\/\/www.audiosatpro.es\/index.php\/wp-json\/wp\/v2\/pages"}],"about":[{"href":"https:\/\/www.audiosatpro.es\/index.php\/wp-json\/wp\/v2\/types\/page"}],"author":[{"embeddable":true,"href":"https:\/\/www.audiosatpro.es\/index.php\/wp-json\/wp\/v2\/users\/1"}],"replies":[{"embeddable":true,"href":"https:\/\/www.audiosatpro.es\/index.php\/wp-json\/wp\/v2\/comments?post=457"}],"version-history":[{"count":9,"href":"https:\/\/www.audiosatpro.es\/index.php\/wp-json\/wp\/v2\/pages\/457\/revisions"}],"predecessor-version":[{"id":2346,"href":"https:\/\/www.audiosatpro.es\/index.php\/wp-json\/wp\/v2\/pages\/457\/revisions\/2346"}],"up":[{"embeddable":true,"href":"https:\/\/www.audiosatpro.es\/index.php\/wp-json\/wp\/v2\/pages\/11"}],"wp:featuredmedia":[{"embeddable":true,"href":"https:\/\/www.audiosatpro.es\/index.php\/wp-json\/wp\/v2\/media\/1793"}],"wp:attachment":[{"href":"https:\/\/www.audiosatpro.es\/index.php\/wp-json\/wp\/v2\/media?parent=457"}],"curies":[{"name":"wp","href":"https:\/\/api.w.org\/{rel}","templated":true}]}}