{"id":459,"date":"2013-03-06T10:40:29","date_gmt":"2013-03-06T09:40:29","guid":{"rendered":"http:\/\/www.audiosatpro.es\/?page_id=459"},"modified":"2023-08-18T13:37:29","modified_gmt":"2023-08-18T11:37:29","slug":"television","status":"publish","type":"page","link":"https:\/\/www.audiosatpro.es\/index.php\/proyectos\/television\/","title":{"rendered":"Televisi\u00f3n y Broadcast"},"content":{"rendered":"\n<div>\n<p style=\"text-align: justify;\">&nbsp;&nbsp;Audiosat Pro ofrece sus servicios a diferentes productoras y canales de televisi\u00f3n y radio, realizando venta, instalaciones, mantenimiento y alquileres de materiales en plat\u00f3s y estudios.<\/p>\n<p style=\"text-align: justify;\">&nbsp;&nbsp;Cuatro, con los programas Tienes Talento, Factor X o Tonter\u00edas las Justas o televisiones p\u00fablicas como TVE y TPA con plat\u00f3s para informativos, RNE o Rockservatorio son algunos de nuestros clientes.<\/p>\n<\/div>\n\n\n\n<div id=\"featured-boxs\" bgcolor=\"#ffffff\">\n<div class=\"content-ver-sep\"><\/div>\n<table width=\"930\" border=\"0\" align=\"center\" bgcolor=\"#ffffff\">\n<tbody bgcolor=\"#ffffff\">\n<tr bgcolor=\"#ffffff\">\n<td valign=\"middle\" bgcolor=\"#ffffff\" width=\"310\"><a href=\"https:\/\/www.audiosatpro.es\/index.php\/proyectos\/television\">ngg_shortcode_0_placeholder<\/a><\/td>\n<td valign=\"middle\" bgcolor=\"#ffffff\" width=\"310\"><a href=\"https:\/\/www.audiosatpro.es\/index.php\/proyectos\/television\">ngg_shortcode_1_placeholder<\/a><\/td>\n<td valign=\"middle\" bgcolor=\"#ffffff\" width=\"310\"><a href=\"https:\/\/www.audiosatpro.es\/index.php\/proyectos\/television\">ngg_shortcode_2_placeholder<\/a><\/td>\n<\/tr>\n<tr bgcolor=\"#ffffff\">\n<td bgcolor=\"#ffffff\" width=\"310\" height=\"30\"><center><\/p>\n<h2><a href=\"https:\/\/www.audiosatpro.es\/index.php\/proyectos\/television\">TONTER\u00cdAS LAS JUSTAS<\/a><\/h2>\n<p><\/center><\/td>\n<td bgcolor=\"#ffffff\" width=\"310\" height=\"30\"><center><\/p>\n<h2><a href=\"https:\/\/www.audiosatpro.es\/index.php\/proyectos\/television\">TIENES TALENTO<\/a><\/h2>\n<p><\/center><\/td>\n<td bgcolor=\"#ffffff\" width=\"310\" height=\"30\"><center><\/p>\n<h2><a href=\"https:\/\/www.audiosatpro.es\/index.php\/proyectos\/television\">FACTOR X<\/a><\/h2>\n<p><\/center><\/td>\n<\/tr>\n<\/tbody>\n<\/table>\n<div class=\"content-ver-sep\"><\/div>\n<\/div>\n\n\n\n<div id=\"featured-boxs\" bgcolor=\"#ffffff\">\n<div class=\"content-ver-sep\"><\/div>\n<table width=\"930\" border=\"0\" align=\"center\" bgcolor=\"#ffffff\">\n<tbody bgcolor=\"#ffffff\">\n<tr bgcolor=\"#ffffff\">\n<td valign=\"middle\" bgcolor=\"#ffffff\" width=\"310\"><a href=\"https:\/\/www.audiosatpro.es\/index.php\/proyectos\/television\">ngg_shortcode_3_placeholder<\/a><\/td>\n<td valign=\"middle\" bgcolor=\"#ffffff\" width=\"310\"><a href=\"https:\/\/www.audiosatpro.es\/index.php\/proyectos\/television\">ngg_shortcode_4_placeholder<\/a><\/td>\n<td valign=\"middle\" bgcolor=\"#ffffff\" width=\"310\"><a href=\"https:\/\/www.audiosatpro.es\/index.php\/proyectos\/television\">ngg_shortcode_5_placeholder<\/a><\/td>\n<\/tr>\n<tr bgcolor=\"#ffffff\">\n<td bgcolor=\"#ffffff\" width=\"310\" height=\"30\"><center><\/p>\n<h2><a href=\"https:\/\/www.audiosatpro.es\/index.php\/proyectos\/television\">TVE<\/a><\/h2>\n<p><\/center><\/td>\n<td bgcolor=\"#ffffff\" width=\"310\" height=\"30\"><center><\/p>\n<h2><a href=\"https:\/\/www.audiosatpro.es\/index.php\/proyectos\/television\">TPA (Televisi\u00f3n P\u00fablica de Asturias)<\/a><\/h2>\n<p><\/center><\/td>\n<td bgcolor=\"#ffffff\" width=\"310\" height=\"30\"><center><\/p>\n<h2><a href=\"https:\/\/www.audiosatpro.es\/index.php\/proyectos\/television\">RNE<\/a><\/h2>\n<p><\/center><\/td>\n<\/tr>\n<\/tbody>\n<\/table>\n<div class=\"content-ver-sep\"><\/div>\n<\/div>\n","protected":false},"excerpt":{"rendered":"<p>&nbsp;&nbsp;Audiosat Pro ofrece sus servicios a diferentes productoras y canales de televisi\u00f3n y radio, realizando venta, instalaciones, mantenimiento y alquileres de materiales en plat\u00f3s y<\/p>\n","protected":false},"author":1,"featured_media":1796,"parent":11,"menu_order":15,"comment_status":"closed","ping_status":"closed","template":"page-templates\/template-portfolio.php","meta":{"ngg_post_thumbnail":0,"footnotes":""},"_links":{"self":[{"href":"https:\/\/www.audiosatpro.es\/index.php\/wp-json\/wp\/v2\/pages\/459"}],"collection":[{"href":"https:\/\/www.audiosatpro.es\/index.php\/wp-json\/wp\/v2\/pages"}],"about":[{"href":"https:\/\/www.audiosatpro.es\/index.php\/wp-json\/wp\/v2\/types\/page"}],"author":[{"embeddable":true,"href":"https:\/\/www.audiosatpro.es\/index.php\/wp-json\/wp\/v2\/users\/1"}],"replies":[{"embeddable":true,"href":"https:\/\/www.audiosatpro.es\/index.php\/wp-json\/wp\/v2\/comments?post=459"}],"version-history":[{"count":34,"href":"https:\/\/www.audiosatpro.es\/index.php\/wp-json\/wp\/v2\/pages\/459\/revisions"}],"predecessor-version":[{"id":2357,"href":"https:\/\/www.audiosatpro.es\/index.php\/wp-json\/wp\/v2\/pages\/459\/revisions\/2357"}],"up":[{"embeddable":true,"href":"https:\/\/www.audiosatpro.es\/index.php\/wp-json\/wp\/v2\/pages\/11"}],"wp:featuredmedia":[{"embeddable":true,"href":"https:\/\/www.audiosatpro.es\/index.php\/wp-json\/wp\/v2\/media\/1796"}],"wp:attachment":[{"href":"https:\/\/www.audiosatpro.es\/index.php\/wp-json\/wp\/v2\/media?parent=459"}],"curies":[{"name":"wp","href":"https:\/\/api.w.org\/{rel}","templated":true}]}}