{"id":461,"date":"2013-03-06T10:41:13","date_gmt":"2013-03-06T09:41:13","guid":{"rendered":"http:\/\/www.audiosatpro.es\/?page_id=461"},"modified":"2019-12-31T11:03:09","modified_gmt":"2019-12-31T10:03:09","slug":"ejercito","status":"publish","type":"page","link":"https:\/\/www.audiosatpro.es\/index.php\/proyectos\/ejercito\/","title":{"rendered":"Ej\u00e9rcito"},"content":{"rendered":"<p style=\"text-align: justify;\">&nbsp;&nbsp;Audiosat Pro tambi\u00e9n ofrece soluciones audiovisuales al Ej\u00e9rcito y estamos autorizados y registrados como proveedores oficiales de la <strong>OTAN<\/strong>, disponiendo de n\u00famero <strong>NCAGE<\/strong>.<\/p>\n<p style=\"text-align: justify;\">&nbsp;&nbsp;Somos distribuidores en Espa\u00f1a del material de <strong>Technomad<\/strong>. Este fabricante norteamericano dispone de altavoces robustos y resistentes a todo tipo de condiciones, as\u00ed como equipos de sonido aptos para cualquier circunstancia meteorol\u00f3gica. Son proveedores del ej\u00e9rcito americano y de la Casa Blanca.<\/p>\n<p style=\"text-align: justify;\">&nbsp;&nbsp;Clientes en este sector tenemos, entre otros, la OTAN, la Base A\u00e9rea de Mor\u00f3n, el Ministerio del Aire, CESEDEN, la Guardia Civil, etc.<\/p>\n<div>\n<div id=\"featured-boxs\" bgcolor=\"#ffffff\">\n<div class=\"content-ver-sep\"><\/div>\n<table width=\"930\" border=\"0\" align=\"center\" bgcolor=\"#ffffff\">\n<tbody bgcolor=\"#ffffff\">\n<tr bgcolor=\"#ffffff\">\n<td valign=\"middle\" bgcolor=\"#ffffff\" width=\"310\"><a href=\"https:\/\/www.audiosatpro.es\/index.php\/proyectos\/ejercito\"><img decoding=\"async\" class=\"box-image aligncenter\" style=\"width:290px;height:195px\" alt=\"ej\u00e9rcito\" src=\"https:\/\/www.audiosatpro.es\/wp-content\/uploads\/ejercito3.jpg\"><\/a><\/td>\n<td valign=\"middle\" bgcolor=\"#ffffff\" width=\"310\"><a href=\"https:\/\/www.audiosatpro.es\/index.php\/proyectos\/ejercito\"><img decoding=\"async\" class=\"box-image aligncenter\" style=\"width:290px;height:195px\" alt=\"ej\u00e9rcito\" src=\"https:\/\/www.audiosatpro.es\/wp-content\/uploads\/ejercito1.jpg\"><\/a><\/td>\n<td valign=\"middle\" bgcolor=\"#ffffff\" width=\"310\"><a href=\"https:\/\/www.audiosatpro.es\/index.php\/proyectos\/ejercito\"><img decoding=\"async\" class=\"box-image aligncenter\" style=\"width:290px;height:195px\" alt=\"ej\u00e9rcito\" src=\"https:\/\/www.audiosatpro.es\/wp-content\/uploads\/ejercito2.jpg\"><\/a><\/td>\n<\/tr>\n<tr bgcolor=\"#ffffff\">\n<td valign=\"middle\" bgcolor=\"#ffffff\" width=\"310\"><a href=\"https:\/\/www.audiosatpro.es\/index.php\/proyectos\/ejercito\"><img decoding=\"async\" class=\"box-image aligncenter\" style=\"width:290px;height:350px\" alt=\"ej\u00e9rcito\" src=\"https:\/\/www.audiosatpro.es\/wp-content\/uploads\/technomad1.jpg\"><\/a><\/td>\n<td valign=\"middle\" bgcolor=\"#ffffff\" width=\"310\"><a href=\"https:\/\/www.audiosatpro.es\/index.php\/proyectos\/ejercito\"><img decoding=\"async\" class=\"box-image aligncenter\" style=\"width:290px;height:350px\" alt=\"ej\u00e9rcito\" src=\"https:\/\/www.audiosatpro.es\/wp-content\/uploads\/technomad4.jpg\"><\/a><\/td>\n<td valign=\"middle\" bgcolor=\"#ffffff\" width=\"310\"><a href=\"https:\/\/www.audiosatpro.es\/index.php\/proyectos\/ejercito\"><img decoding=\"async\" class=\"box-image aligncenter\" style=\"width:290px;height:350px\" alt=\"ej\u00e9rcito\" src=\"https:\/\/www.audiosatpro.es\/wp-content\/uploads\/technomad3.jpg\"><\/a><\/td>\n<\/tr>\n<tr bgcolor=\"#ffffff\">\n<td colspan=\"3\" bgcolor=\"#ffffff\" width=\"930\" height=\"30\"><center><\/p>\n<h2><a href=\"https:\/\/www.audiosatpro.es\/index.php\/proyectos\/ejercito\">EJ\u00c9RCITO<\/a><\/h2>\n<p><\/center><\/td>\n<\/tr>\n<\/tbody>\n<\/table>\n<\/div>\n<\/div>\n","protected":false},"excerpt":{"rendered":"<p>&nbsp;&nbsp;Audiosat Pro tambi\u00e9n ofrece soluciones audiovisuales al Ej\u00e9rcito y estamos autorizados y registrados como proveedores oficiales de la OTAN, disponiendo de n\u00famero NCAGE. &nbsp;&nbsp;Somos distribuidores<\/p>\n","protected":false},"author":1,"featured_media":1799,"parent":11,"menu_order":16,"comment_status":"closed","ping_status":"closed","template":"page-templates\/template-portfolio.php","meta":{"ngg_post_thumbnail":0,"footnotes":""},"_links":{"self":[{"href":"https:\/\/www.audiosatpro.es\/index.php\/wp-json\/wp\/v2\/pages\/461"}],"collection":[{"href":"https:\/\/www.audiosatpro.es\/index.php\/wp-json\/wp\/v2\/pages"}],"about":[{"href":"https:\/\/www.audiosatpro.es\/index.php\/wp-json\/wp\/v2\/types\/page"}],"author":[{"embeddable":true,"href":"https:\/\/www.audiosatpro.es\/index.php\/wp-json\/wp\/v2\/users\/1"}],"replies":[{"embeddable":true,"href":"https:\/\/www.audiosatpro.es\/index.php\/wp-json\/wp\/v2\/comments?post=461"}],"version-history":[{"count":24,"href":"https:\/\/www.audiosatpro.es\/index.php\/wp-json\/wp\/v2\/pages\/461\/revisions"}],"predecessor-version":[{"id":1800,"href":"https:\/\/www.audiosatpro.es\/index.php\/wp-json\/wp\/v2\/pages\/461\/revisions\/1800"}],"up":[{"embeddable":true,"href":"https:\/\/www.audiosatpro.es\/index.php\/wp-json\/wp\/v2\/pages\/11"}],"wp:featuredmedia":[{"embeddable":true,"href":"https:\/\/www.audiosatpro.es\/index.php\/wp-json\/wp\/v2\/media\/1799"}],"wp:attachment":[{"href":"https:\/\/www.audiosatpro.es\/index.php\/wp-json\/wp\/v2\/media?parent=461"}],"curies":[{"name":"wp","href":"https:\/\/api.w.org\/{rel}","templated":true}]}}