{"id":9,"date":"2013-02-28T10:14:48","date_gmt":"2013-02-28T09:14:48","guid":{"rendered":"http:\/\/www.audiosatpro.es\/?page_id=9"},"modified":"2020-01-02T12:54:24","modified_gmt":"2020-01-02T11:54:24","slug":"empresa","status":"publish","type":"page","link":"https:\/\/www.audiosatpro.es\/index.php\/empresa\/","title":{"rendered":"Empresa"},"content":{"rendered":"<p style=\"text-align: justify;\">\u00a0 Audiosat Pro S.L. es una empresa con m\u00e1s de 30 a\u00f1os de experiencia en el campo de la Ingenier\u00eda Audiovisual en general. Nos dedicamos al dise\u00f1o, instalaci\u00f3n, distribuci\u00f3n, venta y reparaci\u00f3n de Equipos de Sonido Profesional, Iluminaci\u00f3n Espectacular y Visual Media. Disponemos de Departamento de Ingenier\u00eda y Consultor\u00eda propios, lo que permite a la empresa abarcar cualquier proyecto en los campos indicados.<\/p>\n<p style=\"text-align: justify;\">\u00a0 Todos los procesos de distribuci\u00f3n, venta e instalaci\u00f3n de sistemas de audio y video profesional e iluminaci\u00f3n espectacular son llevados a cabo seg\u00fan un exigente sistema interno de calidad, que ha sido certificado conforme a la norma ISO 9001:2000.<\/p>\n<p style=\"text-align: justify;\"><a href=\"https:\/\/www.audiosatpro.es\/wp-content\/uploads\/logosiso.jpg\"><img loading=\"lazy\" decoding=\"async\" class=\"aligncenter size-full wp-image-354\" src=\"https:\/\/www.audiosatpro.es\/wp-content\/uploads\/logosiso.jpg\" alt=\"logosiso\" width=\"567\" height=\"104\" srcset=\"https:\/\/www.audiosatpro.es\/wp-content\/uploads\/logosiso.jpg 567w, https:\/\/www.audiosatpro.es\/wp-content\/uploads\/logosiso-300x55.jpg 300w\" sizes=\"(max-width: 567px) 100vw, 567px\" \/><\/a><\/p>\n<p style=\"text-align: justify;\">\u00a0 La larga experiencia acumulada nos permite ofrecer a nuestros clientes la calidad de proyecto, instalaci\u00f3n, servicio postventa, fiabilidad y seriedad que se merecen.<\/p>\n<p style=\"text-align: justify;\">\u00a0 Nuestros principales sectores de actuaci\u00f3n abarcan 8 grandes grupos: Ocio, con soluciones audiovisuales para discotecas, pubs, restaurantes, etc; Gimnasios y Centros Deportivos, con el dise\u00f1o, fabricaci\u00f3n, distribuci\u00f3n, instalaci\u00f3n y servicio t\u00e9cnico de equipos de audio y sistemas de entretenimiento, adem\u00e1s de disponer de una marca propia como es ASP Fitness que ofrece productos de audio espec\u00edficamente dise\u00f1ados para esta industria, como nuestros conocidos micr\u00f3fonos de diadema especiales para fitness, etc; Ingenier\u00eda, con el desarrollo de todo tipo de proyectos e instalaciones de tipo Audiovisual y nuestros servicios de Consultor\u00eda; Centros Oficiales, con la instalaci\u00f3n y mantenimiento de equipos de sonido, sistemas de conferencias, megafon\u00eda, etc. en Ayuntamientos, Colegios, Palacios de Congresos, Parlamentos, Salas de Conferencias, Auditorios, etc; Tiendas y Centros Comerciales, con la instalaci\u00f3n de equipos de sonido y megafon\u00eda, sistemas de visualizaci\u00f3n, carteler\u00eda digital, pantallas de LED, etc; Televisi\u00f3n, realizando instalaciones en plat\u00f3s para diferentes programas; Ej\u00e9rcito, ; SAT, ofreciendo nuestro Laboratorio y Servicio T\u00e9cnico multimarca, que es oficial de numerosas marcas como Martin y autorizado por muchas otras como Void, JBL, Shure, Pioneer, Denon, etc.<\/p>\n","protected":false},"excerpt":{"rendered":"<p>\u00a0 Audiosat Pro S.L. es una empresa con m\u00e1s de 30 a\u00f1os de experiencia en el campo de la Ingenier\u00eda Audiovisual en general. Nos dedicamos<\/p>\n","protected":false},"author":1,"featured_media":0,"parent":0,"menu_order":2,"comment_status":"closed","ping_status":"closed","template":"","meta":{"ngg_post_thumbnail":0,"footnotes":""},"_links":{"self":[{"href":"https:\/\/www.audiosatpro.es\/index.php\/wp-json\/wp\/v2\/pages\/9"}],"collection":[{"href":"https:\/\/www.audiosatpro.es\/index.php\/wp-json\/wp\/v2\/pages"}],"about":[{"href":"https:\/\/www.audiosatpro.es\/index.php\/wp-json\/wp\/v2\/types\/page"}],"author":[{"embeddable":true,"href":"https:\/\/www.audiosatpro.es\/index.php\/wp-json\/wp\/v2\/users\/1"}],"replies":[{"embeddable":true,"href":"https:\/\/www.audiosatpro.es\/index.php\/wp-json\/wp\/v2\/comments?post=9"}],"version-history":[{"count":10,"href":"https:\/\/www.audiosatpro.es\/index.php\/wp-json\/wp\/v2\/pages\/9\/revisions"}],"predecessor-version":[{"id":1825,"href":"https:\/\/www.audiosatpro.es\/index.php\/wp-json\/wp\/v2\/pages\/9\/revisions\/1825"}],"wp:attachment":[{"href":"https:\/\/www.audiosatpro.es\/index.php\/wp-json\/wp\/v2\/media?parent=9"}],"curies":[{"name":"wp","href":"https:\/\/api.w.org\/{rel}","templated":true}]}}